{"id":5826,"date":"2025-10-22T11:44:59","date_gmt":"2025-10-22T09:44:59","guid":{"rendered":"https:\/\/loopme.se\/?page_id=5826"},"modified":"2025-12-16T10:10:01","modified_gmt":"2025-12-16T09:10:01","slug":"kurser","status":"publish","type":"page","link":"https:\/\/loopme.se\/sv\/kurser\/","title":{"rendered":"Kurser"},"content":{"rendered":"<div class=\"wpb-content-wrapper\">[vc_row][vc_column][vc_column_text uncode_shortcode_id=&#8221;125129&#8243;]\r\n<h1 style=\"text-align: center;\">Bli s\u00e4ker p\u00e5 hur du anv\u00e4nder LoopMe<\/h1>\r\n<p style=\"text-align: center;\">V\u00e4lkommen att anm\u00e4la dig till v\u00e5ra kurser f\u00f6r dig som ska leda LoopMe-grupper inom skola, \u00f6vrig offentlig sektor, n\u00e4ringsliv eller forskning.\r\nKurserna \u00e4r digitala och du kommer att l\u00e4ra dig b\u00e5de grunderna och f\u00e5 tips p\u00e5 hur du anv\u00e4nder LoopMe p\u00e5 b\u00e4sta s\u00e4tt.<\/p>\r\n[\/vc_column_text][\/vc_column][\/vc_row][vc_row unlock_row_content=&#8221;yes&#8221; row_height_percent=&#8221;0&#8243; override_padding=&#8221;yes&#8221; h_padding=&#8221;3&#8243; top_padding=&#8221;3&#8243; bottom_padding=&#8221;3&#8243; overlay_alpha=&#8221;50&#8243; gutter_size=&#8221;2&#8243; column_width_percent=&#8221;100&#8243; shift_y=&#8221;0&#8243; z_index=&#8221;0&#8243;][vc_column column_width_percent=&#8221;100&#8243; gutter_size=&#8221;4&#8243; overlay_alpha=&#8221;50&#8243; shift_x=&#8221;0&#8243; shift_y=&#8221;0&#8243; shift_y_down=&#8221;0&#8243; z_index=&#8221;0&#8243; medium_width=&#8221;0&#8243; mobile_width=&#8221;0&#8243; width=&#8221;1\/1&#8243;][uncode_index el_id=&#8221;index-581094100&#8243; isotope_mode=&#8221;fitRows&#8221; loop=&#8221;size:2|order_by:ID|post_type:post|categories:59|taxonomy_count:10&#8243; screen_lg=&#8221;1200&#8243; screen_md=&#8221;960&#8243; screen_sm=&#8221;480&#8243; filtering=&#8221;yes&#8221; filtering_uppercase=&#8221;yes&#8221; filtering_full_width=&#8221;yes&#8221; filtering_position=&#8221;center&#8221; filter_mobile=&#8221;yes&#8221; gutter_size=&#8221;3&#8243; post_items=&#8221;media|featured|onpost|poster,title|-,text|excerpt|140,category|bordered|topright|hide-icon&#8221; single_width=&#8221;3&#8243; images_size=&#8221;three-two&#8221; single_overlay_color=&#8221;color-wayh&#8221; single_overlay_opacity=&#8221;50&#8243; single_text_visible=&#8221;yes&#8221; single_text_anim=&#8221;no&#8221; single_padding=&#8221;2&#8243; single_title_dimension=&#8221;h5&#8243; single_border=&#8221;yes&#8221; single_css_animation=&#8221;bottom-t-top&#8221; single_animation_delay=&#8221;200&#8243; custom_order=&#8221;yes&#8221; uncode_shortcode_id=&#8221;941808&#8243; order_ids=&#8221;2139,4125,3967,1913,1594,1586,1581,1431&#8243;][\/vc_column][\/vc_row]<!-- \/wp:post-content --><\/div>","protected":false},"excerpt":{"rendered":"<p>[vc_row][vc_column][vc_column_text uncode_shortcode_id=&#8221;125129&#8243;] Bli s\u00e4ker p\u00e5 hur du anv\u00e4nder LoopMe V\u00e4lkommen att anm\u00e4la dig till v\u00e5ra kurser f\u00f6r dig som ska [&hellip;]<\/p>\n","protected":false},"author":4,"featured_media":0,"parent":0,"menu_order":0,"comment_status":"closed","ping_status":"closed","template":"","meta":{"_monsterinsights_skip_tracking":false,"_monsterinsights_sitenote_active":false,"_monsterinsights_sitenote_note":"","_monsterinsights_sitenote_category":0,"footnotes":""},"class_list":["post-5826","page","type-page","status-publish","hentry","page_category-kurser-och-workshops"],"yoast_head":"<!-- This site is optimized with the Yoast SEO plugin v27.4 - https:\/\/yoast.com\/product\/yoast-seo-wordpress\/ -->\n<title>Kurser | LoopMe<\/title>\n<meta name=\"robots\" content=\"index, follow, max-snippet:-1, max-image-preview:large, max-video-preview:-1\" \/>\n<link rel=\"canonical\" href=\"https:\/\/loopme.se\/sv\/kurser\/\" \/>\n<meta property=\"og:locale\" content=\"sv_SE\" \/>\n<meta property=\"og:type\" content=\"article\" \/>\n<meta property=\"og:title\" content=\"Kurser | LoopMe\" \/>\n<meta property=\"og:description\" content=\"[vc_row][vc_column][vc_column_text uncode_shortcode_id=&#8221;125129&#8243;] Bli s\u00e4ker p\u00e5 hur du anv\u00e4nder LoopMe V\u00e4lkommen att anm\u00e4la dig till v\u00e5ra kurser f\u00f6r dig som ska [&hellip;]\" \/>\n<meta property=\"og:url\" content=\"https:\/\/loopme.se\/sv\/kurser\/\" \/>\n<meta property=\"og:site_name\" content=\"LoopMe\" \/>\n<meta property=\"article:publisher\" content=\"https:\/\/www.facebook.com\/meanalytics\" \/>\n<meta property=\"article:modified_time\" content=\"2025-12-16T09:10:01+00:00\" \/>\n<meta name=\"twitter:card\" content=\"summary_large_image\" \/>\n<meta name=\"twitter:label1\" content=\"Ber\u00e4knad l\u00e4stid\" \/>\n\t<meta name=\"twitter:data1\" content=\"1 minut\" \/>\n<script type=\"application\/ld+json\" class=\"yoast-schema-graph\">{\"@context\":\"https:\\\/\\\/schema.org\",\"@graph\":[{\"@type\":\"WebPage\",\"@id\":\"https:\\\/\\\/loopme.se\\\/sv\\\/kurser\\\/\",\"url\":\"https:\\\/\\\/loopme.se\\\/sv\\\/kurser\\\/\",\"name\":\"Kurser | LoopMe\",\"isPartOf\":{\"@id\":\"https:\\\/\\\/www.loopme.io\\\/#website\"},\"datePublished\":\"2025-10-22T09:44:59+00:00\",\"dateModified\":\"2025-12-16T09:10:01+00:00\",\"breadcrumb\":{\"@id\":\"https:\\\/\\\/loopme.se\\\/sv\\\/kurser\\\/#breadcrumb\"},\"inLanguage\":\"sv-SE\",\"potentialAction\":[{\"@type\":\"ReadAction\",\"target\":[\"https:\\\/\\\/loopme.se\\\/sv\\\/kurser\\\/\"]}]},{\"@type\":\"BreadcrumbList\",\"@id\":\"https:\\\/\\\/loopme.se\\\/sv\\\/kurser\\\/#breadcrumb\",\"itemListElement\":[{\"@type\":\"ListItem\",\"position\":1,\"name\":\"Home\",\"item\":\"https:\\\/\\\/loopme.se\\\/sv\\\/\"},{\"@type\":\"ListItem\",\"position\":2,\"name\":\"Kurser\"}]},{\"@type\":\"WebSite\",\"@id\":\"https:\\\/\\\/www.loopme.io\\\/#website\",\"url\":\"https:\\\/\\\/www.loopme.io\\\/\",\"name\":\"LoopMe\",\"description\":\"Shed light on individual development and ease your requirement as a leader\",\"publisher\":{\"@id\":\"https:\\\/\\\/www.loopme.io\\\/#organization\"},\"potentialAction\":[{\"@type\":\"SearchAction\",\"target\":{\"@type\":\"EntryPoint\",\"urlTemplate\":\"https:\\\/\\\/www.loopme.io\\\/?s={search_term_string}\"},\"query-input\":{\"@type\":\"PropertyValueSpecification\",\"valueRequired\":true,\"valueName\":\"search_term_string\"}}],\"inLanguage\":\"sv-SE\"},{\"@type\":\"Organization\",\"@id\":\"https:\\\/\\\/www.loopme.io\\\/#organization\",\"name\":\"LoopMe\",\"url\":\"https:\\\/\\\/www.loopme.io\\\/\",\"logo\":{\"@type\":\"ImageObject\",\"inLanguage\":\"sv-SE\",\"@id\":\"https:\\\/\\\/www.loopme.io\\\/#\\\/schema\\\/logo\\\/image\\\/\",\"url\":\"http:\\\/\\\/dev.loopme.io\\\/wp-content\\\/uploads\\\/2020\\\/04\\\/logo_teal_500.png\",\"contentUrl\":\"http:\\\/\\\/dev.loopme.io\\\/wp-content\\\/uploads\\\/2020\\\/04\\\/logo_teal_500.png\",\"width\":500,\"height\":500,\"caption\":\"LoopMe\"},\"image\":{\"@id\":\"https:\\\/\\\/www.loopme.io\\\/#\\\/schema\\\/logo\\\/image\\\/\"},\"sameAs\":[\"https:\\\/\\\/www.facebook.com\\\/meanalytics\",\"https:\\\/\\\/www.linkedin.com\\\/company\\\/loopme-me-analytics-ab\",\"https:\\\/\\\/www.youtube.com\\\/channel\\\/UCqVPcXPMa7eR7v7BxkObx3Q\"]}]}<\/script>\n<!-- \/ Yoast SEO plugin. -->","yoast_head_json":{"title":"Kurser | LoopMe","robots":{"index":"index","follow":"follow","max-snippet":"max-snippet:-1","max-image-preview":"max-image-preview:large","max-video-preview":"max-video-preview:-1"},"canonical":"https:\/\/loopme.se\/sv\/kurser\/","og_locale":"sv_SE","og_type":"article","og_title":"Kurser | LoopMe","og_description":"[vc_row][vc_column][vc_column_text uncode_shortcode_id=&#8221;125129&#8243;] Bli s\u00e4ker p\u00e5 hur du anv\u00e4nder LoopMe V\u00e4lkommen att anm\u00e4la dig till v\u00e5ra kurser f\u00f6r dig som ska [&hellip;]","og_url":"https:\/\/loopme.se\/sv\/kurser\/","og_site_name":"LoopMe","article_publisher":"https:\/\/www.facebook.com\/meanalytics","article_modified_time":"2025-12-16T09:10:01+00:00","twitter_card":"summary_large_image","twitter_misc":{"Ber\u00e4knad l\u00e4stid":"1 minut"},"schema":{"@context":"https:\/\/schema.org","@graph":[{"@type":"WebPage","@id":"https:\/\/loopme.se\/sv\/kurser\/","url":"https:\/\/loopme.se\/sv\/kurser\/","name":"Kurser | LoopMe","isPartOf":{"@id":"https:\/\/www.loopme.io\/#website"},"datePublished":"2025-10-22T09:44:59+00:00","dateModified":"2025-12-16T09:10:01+00:00","breadcrumb":{"@id":"https:\/\/loopme.se\/sv\/kurser\/#breadcrumb"},"inLanguage":"sv-SE","potentialAction":[{"@type":"ReadAction","target":["https:\/\/loopme.se\/sv\/kurser\/"]}]},{"@type":"BreadcrumbList","@id":"https:\/\/loopme.se\/sv\/kurser\/#breadcrumb","itemListElement":[{"@type":"ListItem","position":1,"name":"Home","item":"https:\/\/loopme.se\/sv\/"},{"@type":"ListItem","position":2,"name":"Kurser"}]},{"@type":"WebSite","@id":"https:\/\/www.loopme.io\/#website","url":"https:\/\/www.loopme.io\/","name":"LoopMe","description":"Shed light on individual development and ease your requirement as a leader","publisher":{"@id":"https:\/\/www.loopme.io\/#organization"},"potentialAction":[{"@type":"SearchAction","target":{"@type":"EntryPoint","urlTemplate":"https:\/\/www.loopme.io\/?s={search_term_string}"},"query-input":{"@type":"PropertyValueSpecification","valueRequired":true,"valueName":"search_term_string"}}],"inLanguage":"sv-SE"},{"@type":"Organization","@id":"https:\/\/www.loopme.io\/#organization","name":"LoopMe","url":"https:\/\/www.loopme.io\/","logo":{"@type":"ImageObject","inLanguage":"sv-SE","@id":"https:\/\/www.loopme.io\/#\/schema\/logo\/image\/","url":"http:\/\/dev.loopme.io\/wp-content\/uploads\/2020\/04\/logo_teal_500.png","contentUrl":"http:\/\/dev.loopme.io\/wp-content\/uploads\/2020\/04\/logo_teal_500.png","width":500,"height":500,"caption":"LoopMe"},"image":{"@id":"https:\/\/www.loopme.io\/#\/schema\/logo\/image\/"},"sameAs":["https:\/\/www.facebook.com\/meanalytics","https:\/\/www.linkedin.com\/company\/loopme-me-analytics-ab","https:\/\/www.youtube.com\/channel\/UCqVPcXPMa7eR7v7BxkObx3Q"]}]}},"_links":{"self":[{"href":"https:\/\/loopme.se\/sv\/wp-json\/wp\/v2\/pages\/5826","targetHints":{"allow":["GET"]}}],"collection":[{"href":"https:\/\/loopme.se\/sv\/wp-json\/wp\/v2\/pages"}],"about":[{"href":"https:\/\/loopme.se\/sv\/wp-json\/wp\/v2\/types\/page"}],"author":[{"embeddable":true,"href":"https:\/\/loopme.se\/sv\/wp-json\/wp\/v2\/users\/4"}],"replies":[{"embeddable":true,"href":"https:\/\/loopme.se\/sv\/wp-json\/wp\/v2\/comments?post=5826"}],"version-history":[{"count":10,"href":"https:\/\/loopme.se\/sv\/wp-json\/wp\/v2\/pages\/5826\/revisions"}],"predecessor-version":[{"id":6372,"href":"https:\/\/loopme.se\/sv\/wp-json\/wp\/v2\/pages\/5826\/revisions\/6372"}],"wp:attachment":[{"href":"https:\/\/loopme.se\/sv\/wp-json\/wp\/v2\/media?parent=5826"}],"curies":[{"name":"wp","href":"https:\/\/api.w.org\/{rel}","templated":true}]}}