{"id":5657,"date":"2025-07-29T11:31:08","date_gmt":"2025-07-29T09:31:08","guid":{"rendered":"https:\/\/loopme.se\/?page_id=5657"},"modified":"2025-09-11T13:06:17","modified_gmt":"2025-09-11T11:06:17","slug":"licensuppsattningar","status":"publish","type":"page","link":"https:\/\/loopme.se\/sv\/licensuppsattningar\/","title":{"rendered":"Licensupps\u00e4ttningar"},"content":{"rendered":"<div class=\"wpb-content-wrapper\"><p>[vc_row][vc_column column_width_percent=&#8221;100&#8243; align_horizontal=&#8221;align_center&#8221; gutter_size=&#8221;3&#8243; overlay_alpha=&#8221;50&#8243; shift_x=&#8221;0&#8243; shift_y=&#8221;0&#8243; shift_y_down=&#8221;0&#8243; z_index=&#8221;0&#8243; medium_width=&#8221;0&#8243; mobile_width=&#8221;0&#8243; width=&#8221;1\/1&#8243;][vc_custom_heading separator_color=&#8221;yes&#8221; separator=&#8221;yes&#8221; uncode_shortcode_id=&#8221;214478&#8243;]V\u00c4LJ ETT AV F\u00d6LJANDE ALTERNATIV[\/vc_custom_heading][\/vc_column][\/vc_row][vc_row][vc_column column_width_percent=&#8221;100&#8243; gutter_size=&#8221;3&#8243; back_color=&#8221;accent&#8221; overlay_alpha=&#8221;50&#8243; shift_x=&#8221;0&#8243; shift_y=&#8221;0&#8243; shift_y_down=&#8221;0&#8243; z_index=&#8221;0&#8243; medium_width=&#8221;0&#8243; mobile_width=&#8221;0&#8243; width=&#8221;1\/3&#8243; uncode_shortcode_id=&#8221;136236&#8243; back_color_type=&#8221;uncode-palette&#8221;][vc_icon icon_image=&#8221;5753&#8243; uncode_shortcode_id=&#8221;179738&#8243;][\/vc_icon][vc_custom_heading uncode_shortcode_id=&#8221;199755&#8243;]<span style=\"color: #ffffff;\">SKOLA<\/span>[\/vc_custom_heading][vc_column_text text_color=&#8221;color-xsdn&#8221; uncode_shortcode_id=&#8221;319588&#8243; text_color_type=&#8221;uncode-palette&#8221;]<\/p>\n<h4><mark>Skolutveckling<\/mark><\/h4>\n<p>LoopMe hj\u00e4lper dig att f\u00e5 en tydlig struktur i den gemensamma skolutvecklingen med fokus p\u00e5 effekter i undervisningen<\/p>\n<p>&nbsp;<\/p>\n<h4><mark>Undervisning<\/mark><\/h4>\n<p>LoopMe hj\u00e4lper dig att uppn\u00e5 h\u00f6gre kvalitet i det handlingsbaserade l\u00e4randet och en mer likv\u00e4rdig utbildning f\u00f6r alla elever \/ studenter<\/p>\n<p>&nbsp;<\/p>\n<h4><mark>Yrkesutbildning<\/mark><\/h4>\n<p>LoopMe hj\u00e4lper dig att f\u00e5 b\u00e4ttre dokumentation av elevernas l\u00e4rande under arbetsplatsf\u00f6rlagt l\u00e4rande[\/vc_column_text][vc_empty_space][vc_button border_width=&#8221;0&#8243; link=&#8221;url:https%3A%2F%2Floopme.se%2Fsv%2F15-maj-2025-prissattning-skola%2F|title:Priser%20skola&#8221; uncode_shortcode_id=&#8221;145329&#8243;]L\u00e4s mer h\u00e4r[\/vc_button][\/vc_column][vc_column column_width_percent=&#8221;100&#8243; gutter_size=&#8221;3&#8243; back_color=&#8221;accent&#8221; overlay_alpha=&#8221;50&#8243; shift_x=&#8221;0&#8243; shift_y=&#8221;0&#8243; shift_y_down=&#8221;0&#8243; z_index=&#8221;0&#8243; medium_width=&#8221;0&#8243; mobile_width=&#8221;0&#8243; width=&#8221;1\/3&#8243; uncode_shortcode_id=&#8221;190621&#8243; back_color_type=&#8221;uncode-palette&#8221;][vc_icon icon_image=&#8221;5673&#8243; uncode_shortcode_id=&#8221;161040&#8243;][\/vc_icon][vc_custom_heading uncode_shortcode_id=&#8221;359168&#8243;]<span style=\"color: #ffffff;\">OFFENTLIG SEKTOR<\/span>[\/vc_custom_heading][vc_column_text text_color=&#8221;color-xsdn&#8221; uncode_shortcode_id=&#8221;101448&#8243; text_color_type=&#8221;uncode-palette&#8221;]<\/p>\n<h4><mark>Organisatoriskt l\u00e4rande<\/mark><\/h4>\n<p>LoopMe hj\u00e4lper er att f\u00e5 en tydlig struktur i det gemensamma utvecklingsarbetet med fokus p\u00e5 l\u00e4rande och effekter i organisationen. Du kan enkelt f\u00e5nga upp trender och f\u00e5 kvalitativa analyser p\u00e5 en helt ny niv\u00e5.<\/p>\n<p>&nbsp;<\/p>\n<h4><mark>Coaching<\/mark><\/h4>\n<p>LoopMe hj\u00e4lper dig att skapa st\u00f6rre tydlighet kring teamets och \/ eller varje deltagares utvecklingsfokus och \u00e4ven att f\u00e5nga upp och f\u00f6rst\u00e4rka viktiga inl\u00e4rningstillf\u00e4llen hos varje individ.[\/vc_column_text][vc_empty_space empty_h=&#8221;1&#8243;][vc_button border_width=&#8221;0&#8243; link=&#8221;url:https%3A%2F%2Floopme.se%2Fsv%2Fpriser-offentlig-sektor%2F|title:Priss%C3%A4ttning%20offentlig%20sektor&#8221; uncode_shortcode_id=&#8221;170648&#8243;]L\u00e4s mer h\u00e4r[\/vc_button][\/vc_column][vc_column column_width_percent=&#8221;100&#8243; gutter_size=&#8221;3&#8243; back_color=&#8221;accent&#8221; overlay_alpha=&#8221;50&#8243; shift_x=&#8221;0&#8243; shift_y=&#8221;0&#8243; shift_y_down=&#8221;0&#8243; z_index=&#8221;0&#8243; medium_width=&#8221;0&#8243; mobile_width=&#8221;0&#8243; width=&#8221;1\/3&#8243; uncode_shortcode_id=&#8221;234916&#8243; back_color_type=&#8221;uncode-palette&#8221;][vc_icon icon_image=&#8221;5675&#8243; uncode_shortcode_id=&#8221;162836&#8243;][\/vc_icon][vc_custom_heading uncode_shortcode_id=&#8221;106266&#8243;]<span style=\"color: #ffffff;\">ENTREPRISE <\/span>[\/vc_custom_heading][vc_column_text text_color=&#8221;color-xsdn&#8221; uncode_shortcode_id=&#8221;193070&#8243; text_color_type=&#8221;uncode-palette&#8221;]<\/p>\n<h4><mark>Organisatoriskt l\u00e4rande<\/mark><\/h4>\n<p>LoopMe hj\u00e4lper er att f\u00e5 en tydlig struktur i det gemensamma utvecklingsarbetet med fokus p\u00e5 l\u00e4rande och effekter i organisationen. Du kan enkelt f\u00e5nga upp trender och f\u00e5 kvalitativa analyser p\u00e5 en helt ny niv\u00e5.<\/p>\n<p>&nbsp;<\/p>\n<h4><mark>Coaching<\/mark><\/h4>\n<p>LoopMe hj\u00e4lper dig att skapa st\u00f6rre tydlighet kring teamets och \/ eller varje deltagares utvecklingsfokus och \u00e4ven att f\u00e5nga upp och f\u00f6rst\u00e4rka viktiga inl\u00e4rningstillf\u00e4llen hos varje individ.[\/vc_column_text][vc_empty_space empty_h=&#8221;1&#8243;][vc_button border_width=&#8221;0&#8243; link=&#8221;url:https%3A%2F%2Floopme.se%2Fsv%2Fpriser-foretag%2F|title:Priss%C3%A4ttning%20F%C3%B6retag&#8221; uncode_shortcode_id=&#8221;149522&#8243;]L\u00e4s mer h\u00e4r[\/vc_button][\/vc_column][\/vc_row][vc_row][vc_column width=&#8221;1\/1&#8243;][vc_empty_space][\/vc_column][\/vc_row]<\/p>\n<\/div>","protected":false},"excerpt":{"rendered":"<p>[vc_row][vc_column column_width_percent=&#8221;100&#8243; align_horizontal=&#8221;align_center&#8221; gutter_size=&#8221;3&#8243; overlay_alpha=&#8221;50&#8243; shift_x=&#8221;0&#8243; shift_y=&#8221;0&#8243; shift_y_down=&#8221;0&#8243; z_index=&#8221;0&#8243; medium_width=&#8221;0&#8243; mobile_width=&#8221;0&#8243; width=&#8221;1\/1&#8243;][vc_custom_heading separator_color=&#8221;yes&#8221; separator=&#8221;yes&#8221; uncode_shortcode_id=&#8221;214478&#8243;]V\u00c4LJ ETT AV F\u00d6LJANDE ALTERNATIV[\/vc_custom_heading][\/vc_column][\/vc_row][vc_row][vc_column column_width_percent=&#8221;100&#8243; [&hellip;]<\/p>\n","protected":false},"author":4,"featured_media":0,"parent":0,"menu_order":0,"comment_status":"closed","ping_status":"closed","template":"","meta":{"_monsterinsights_skip_tracking":false,"_monsterinsights_sitenote_active":false,"_monsterinsights_sitenote_note":"","_monsterinsights_sitenote_category":0,"footnotes":""},"class_list":["post-5657","page","type-page","status-publish","hentry"],"yoast_head":"<!-- This site is optimized with the Yoast SEO plugin v27.3 - https:\/\/yoast.com\/product\/yoast-seo-wordpress\/ -->\n<title>Licensupps\u00e4ttningar | LoopMe<\/title>\n<meta name=\"robots\" content=\"index, follow, max-snippet:-1, max-image-preview:large, max-video-preview:-1\" \/>\n<link rel=\"canonical\" href=\"https:\/\/loopme.se\/sv\/licensuppsattningar\/\" \/>\n<meta property=\"og:locale\" content=\"sv_SE\" \/>\n<meta property=\"og:type\" content=\"article\" \/>\n<meta property=\"og:title\" content=\"Licensupps\u00e4ttningar | LoopMe\" \/>\n<meta property=\"og:description\" content=\"[vc_row][vc_column column_width_percent=&#8221;100&#8243; align_horizontal=&#8221;align_center&#8221; gutter_size=&#8221;3&#8243; overlay_alpha=&#8221;50&#8243; shift_x=&#8221;0&#8243; shift_y=&#8221;0&#8243; shift_y_down=&#8221;0&#8243; z_index=&#8221;0&#8243; medium_width=&#8221;0&#8243; mobile_width=&#8221;0&#8243; width=&#8221;1\/1&#8243;][vc_custom_heading separator_color=&#8221;yes&#8221; separator=&#8221;yes&#8221; uncode_shortcode_id=&#8221;214478&#8243;]V\u00c4LJ ETT AV F\u00d6LJANDE ALTERNATIV[\/vc_custom_heading][\/vc_column][\/vc_row][vc_row][vc_column column_width_percent=&#8221;100&#8243; [&hellip;]\" \/>\n<meta property=\"og:url\" content=\"https:\/\/loopme.se\/sv\/licensuppsattningar\/\" \/>\n<meta property=\"og:site_name\" content=\"LoopMe\" \/>\n<meta property=\"article:publisher\" content=\"https:\/\/www.facebook.com\/meanalytics\" \/>\n<meta property=\"article:modified_time\" content=\"2025-09-11T11:06:17+00:00\" \/>\n<meta name=\"twitter:card\" content=\"summary_large_image\" \/>\n<meta name=\"twitter:label1\" content=\"Ber\u00e4knad l\u00e4stid\" \/>\n\t<meta name=\"twitter:data1\" content=\"2 minuter\" \/>\n<script type=\"application\/ld+json\" class=\"yoast-schema-graph\">{\"@context\":\"https:\\\/\\\/schema.org\",\"@graph\":[{\"@type\":\"WebPage\",\"@id\":\"https:\\\/\\\/loopme.se\\\/sv\\\/licensuppsattningar\\\/\",\"url\":\"https:\\\/\\\/loopme.se\\\/sv\\\/licensuppsattningar\\\/\",\"name\":\"Licensupps\u00e4ttningar | LoopMe\",\"isPartOf\":{\"@id\":\"https:\\\/\\\/www.loopme.io\\\/#website\"},\"datePublished\":\"2025-07-29T09:31:08+00:00\",\"dateModified\":\"2025-09-11T11:06:17+00:00\",\"breadcrumb\":{\"@id\":\"https:\\\/\\\/loopme.se\\\/sv\\\/licensuppsattningar\\\/#breadcrumb\"},\"inLanguage\":\"sv-SE\",\"potentialAction\":[{\"@type\":\"ReadAction\",\"target\":[\"https:\\\/\\\/loopme.se\\\/sv\\\/licensuppsattningar\\\/\"]}]},{\"@type\":\"BreadcrumbList\",\"@id\":\"https:\\\/\\\/loopme.se\\\/sv\\\/licensuppsattningar\\\/#breadcrumb\",\"itemListElement\":[{\"@type\":\"ListItem\",\"position\":1,\"name\":\"Home\",\"item\":\"https:\\\/\\\/loopme.se\\\/sv\\\/\"},{\"@type\":\"ListItem\",\"position\":2,\"name\":\"Licensupps\u00e4ttningar\"}]},{\"@type\":\"WebSite\",\"@id\":\"https:\\\/\\\/www.loopme.io\\\/#website\",\"url\":\"https:\\\/\\\/www.loopme.io\\\/\",\"name\":\"LoopMe\",\"description\":\"Shed light on individual development and ease your requirement as a leader\",\"publisher\":{\"@id\":\"https:\\\/\\\/www.loopme.io\\\/#organization\"},\"potentialAction\":[{\"@type\":\"SearchAction\",\"target\":{\"@type\":\"EntryPoint\",\"urlTemplate\":\"https:\\\/\\\/www.loopme.io\\\/?s={search_term_string}\"},\"query-input\":{\"@type\":\"PropertyValueSpecification\",\"valueRequired\":true,\"valueName\":\"search_term_string\"}}],\"inLanguage\":\"sv-SE\"},{\"@type\":\"Organization\",\"@id\":\"https:\\\/\\\/www.loopme.io\\\/#organization\",\"name\":\"LoopMe\",\"url\":\"https:\\\/\\\/www.loopme.io\\\/\",\"logo\":{\"@type\":\"ImageObject\",\"inLanguage\":\"sv-SE\",\"@id\":\"https:\\\/\\\/www.loopme.io\\\/#\\\/schema\\\/logo\\\/image\\\/\",\"url\":\"http:\\\/\\\/dev.loopme.io\\\/wp-content\\\/uploads\\\/2020\\\/04\\\/logo_teal_500.png\",\"contentUrl\":\"http:\\\/\\\/dev.loopme.io\\\/wp-content\\\/uploads\\\/2020\\\/04\\\/logo_teal_500.png\",\"width\":500,\"height\":500,\"caption\":\"LoopMe\"},\"image\":{\"@id\":\"https:\\\/\\\/www.loopme.io\\\/#\\\/schema\\\/logo\\\/image\\\/\"},\"sameAs\":[\"https:\\\/\\\/www.facebook.com\\\/meanalytics\",\"https:\\\/\\\/www.linkedin.com\\\/company\\\/loopme-me-analytics-ab\",\"https:\\\/\\\/www.youtube.com\\\/channel\\\/UCqVPcXPMa7eR7v7BxkObx3Q\"]}]}<\/script>\n<!-- \/ Yoast SEO plugin. -->","yoast_head_json":{"title":"Licensupps\u00e4ttningar | LoopMe","robots":{"index":"index","follow":"follow","max-snippet":"max-snippet:-1","max-image-preview":"max-image-preview:large","max-video-preview":"max-video-preview:-1"},"canonical":"https:\/\/loopme.se\/sv\/licensuppsattningar\/","og_locale":"sv_SE","og_type":"article","og_title":"Licensupps\u00e4ttningar | LoopMe","og_description":"[vc_row][vc_column column_width_percent=&#8221;100&#8243; align_horizontal=&#8221;align_center&#8221; gutter_size=&#8221;3&#8243; overlay_alpha=&#8221;50&#8243; shift_x=&#8221;0&#8243; shift_y=&#8221;0&#8243; shift_y_down=&#8221;0&#8243; z_index=&#8221;0&#8243; medium_width=&#8221;0&#8243; mobile_width=&#8221;0&#8243; width=&#8221;1\/1&#8243;][vc_custom_heading separator_color=&#8221;yes&#8221; separator=&#8221;yes&#8221; uncode_shortcode_id=&#8221;214478&#8243;]V\u00c4LJ ETT AV F\u00d6LJANDE ALTERNATIV[\/vc_custom_heading][\/vc_column][\/vc_row][vc_row][vc_column column_width_percent=&#8221;100&#8243; [&hellip;]","og_url":"https:\/\/loopme.se\/sv\/licensuppsattningar\/","og_site_name":"LoopMe","article_publisher":"https:\/\/www.facebook.com\/meanalytics","article_modified_time":"2025-09-11T11:06:17+00:00","twitter_card":"summary_large_image","twitter_misc":{"Ber\u00e4knad l\u00e4stid":"2 minuter"},"schema":{"@context":"https:\/\/schema.org","@graph":[{"@type":"WebPage","@id":"https:\/\/loopme.se\/sv\/licensuppsattningar\/","url":"https:\/\/loopme.se\/sv\/licensuppsattningar\/","name":"Licensupps\u00e4ttningar | LoopMe","isPartOf":{"@id":"https:\/\/www.loopme.io\/#website"},"datePublished":"2025-07-29T09:31:08+00:00","dateModified":"2025-09-11T11:06:17+00:00","breadcrumb":{"@id":"https:\/\/loopme.se\/sv\/licensuppsattningar\/#breadcrumb"},"inLanguage":"sv-SE","potentialAction":[{"@type":"ReadAction","target":["https:\/\/loopme.se\/sv\/licensuppsattningar\/"]}]},{"@type":"BreadcrumbList","@id":"https:\/\/loopme.se\/sv\/licensuppsattningar\/#breadcrumb","itemListElement":[{"@type":"ListItem","position":1,"name":"Home","item":"https:\/\/loopme.se\/sv\/"},{"@type":"ListItem","position":2,"name":"Licensupps\u00e4ttningar"}]},{"@type":"WebSite","@id":"https:\/\/www.loopme.io\/#website","url":"https:\/\/www.loopme.io\/","name":"LoopMe","description":"Shed light on individual development and ease your requirement as a leader","publisher":{"@id":"https:\/\/www.loopme.io\/#organization"},"potentialAction":[{"@type":"SearchAction","target":{"@type":"EntryPoint","urlTemplate":"https:\/\/www.loopme.io\/?s={search_term_string}"},"query-input":{"@type":"PropertyValueSpecification","valueRequired":true,"valueName":"search_term_string"}}],"inLanguage":"sv-SE"},{"@type":"Organization","@id":"https:\/\/www.loopme.io\/#organization","name":"LoopMe","url":"https:\/\/www.loopme.io\/","logo":{"@type":"ImageObject","inLanguage":"sv-SE","@id":"https:\/\/www.loopme.io\/#\/schema\/logo\/image\/","url":"http:\/\/dev.loopme.io\/wp-content\/uploads\/2020\/04\/logo_teal_500.png","contentUrl":"http:\/\/dev.loopme.io\/wp-content\/uploads\/2020\/04\/logo_teal_500.png","width":500,"height":500,"caption":"LoopMe"},"image":{"@id":"https:\/\/www.loopme.io\/#\/schema\/logo\/image\/"},"sameAs":["https:\/\/www.facebook.com\/meanalytics","https:\/\/www.linkedin.com\/company\/loopme-me-analytics-ab","https:\/\/www.youtube.com\/channel\/UCqVPcXPMa7eR7v7BxkObx3Q"]}]}},"_links":{"self":[{"href":"https:\/\/loopme.se\/sv\/wp-json\/wp\/v2\/pages\/5657","targetHints":{"allow":["GET"]}}],"collection":[{"href":"https:\/\/loopme.se\/sv\/wp-json\/wp\/v2\/pages"}],"about":[{"href":"https:\/\/loopme.se\/sv\/wp-json\/wp\/v2\/types\/page"}],"author":[{"embeddable":true,"href":"https:\/\/loopme.se\/sv\/wp-json\/wp\/v2\/users\/4"}],"replies":[{"embeddable":true,"href":"https:\/\/loopme.se\/sv\/wp-json\/wp\/v2\/comments?post=5657"}],"version-history":[{"count":14,"href":"https:\/\/loopme.se\/sv\/wp-json\/wp\/v2\/pages\/5657\/revisions"}],"predecessor-version":[{"id":5771,"href":"https:\/\/loopme.se\/sv\/wp-json\/wp\/v2\/pages\/5657\/revisions\/5771"}],"wp:attachment":[{"href":"https:\/\/loopme.se\/sv\/wp-json\/wp\/v2\/media?parent=5657"}],"curies":[{"name":"wp","href":"https:\/\/api.w.org\/{rel}","templated":true}]}}