{"id":1997,"date":"2020-10-28T15:44:52","date_gmt":"2020-10-28T15:44:52","guid":{"rendered":"https:\/\/loopme.se\/?page_id=1997"},"modified":"2024-12-13T09:01:58","modified_gmt":"2024-12-13T08:01:58","slug":"privacy-policy","status":"publish","type":"page","link":"https:\/\/loopme.se\/sv\/privacy-policy\/","title":{"rendered":"Privacy Policy"},"content":{"rendered":"<div class=\"wpb-content-wrapper\">[vc_row][vc_column width=&#8221;1\/1&#8243;][vc_custom_heading text_color=&#8221;accent&#8221; sub_lead=&#8221;yes&#8221; sub_reduced=&#8221;yes&#8221; subheading=&#8221;N\u00e4r du anv\u00e4nder LoopMe anf\u00f6rtror du oss dina uppgifter. I den h\u00e4r integritetspolicyn f\u00f6rklarar vi vilken data vi samlar in, varf\u00f6r vi samlar in den och vad vi anv\u00e4nder den till.&#8221;]\n<h1><span style=\"color: #8bbfbf;\">Integritetspolicy f\u00f6r LoopMe\u00a0<\/span><\/h1>\n<p>\u00a0[\/vc_custom_heading][\/vc_column][\/vc_row][vc_row][vc_column width=&#8221;1\/1&#8243;][vc_column_text]<\/p>\n<h2><span style=\"color: #8bbfbf;\">Integritetspolicy<\/span><\/h2>\n<div><strong>Senast \u00e4ndrad: 21 oktober 2024<\/strong><\/div>\n<p>V\u00e5r tj\u00e4nst LoopMe kan anv\u00e4ndas till m\u00e5nga olika saker. Du kan till exempel vara ombedd av dina l\u00e4rare\/din ledare att dokumentera din individuella l\u00e4r\/utvecklingsprocess, kommunicera med din l\u00e4rare\/ledare kring ditt l\u00e4rande och kanske \u00e4ven med en utomst\u00e5ende handledare. Det kan ocks\u00e5 handla om att du och dina kollegor ska dokumentera olika l\u00e4rupplevelser eller arbetsmoment inom en projektgrupp.<\/p>\n<h2><span style=\"color: #8bbfbf;\">Information som vi samlar in<\/span><\/h2>\n<p>Om du har ett personligt LoopMe-konto registrerat hos oss s\u00e5 har du r\u00e4tt att f\u00e5 information om vilka uppgifter vi har sparade om dig samt f\u00e5 eventuellt felaktiga uppgifter r\u00e4ttade eller beg\u00e4ra att bli raderad.<\/p>\n<p>Personuppgiftsansvarig f\u00f6r ditt konto \u00e4r i de flesta fall den organisationen (till exempel din skola\/kommun eller arbetsgivare) som har beslutat att du ska anv\u00e4nda LoopMe. LoopMe Group AB har tecknat avtal om personuppgiftsbitr\u00e4de med ett flertal kommuner\/skolhuvudm\u00e4n i Sverige.<\/p>\n<p>F\u00f6r fr\u00e5gor ang\u00e5ende hantering\/korrigering av dina personuppgifter eller om du vill beg\u00e4ra ett utdrag av dina personuppgifter ber vi dig kontakta <a href=\"mailto:info@loopme.se\">info@loopme.se<\/a>.<\/p>\n<h2><span style=\"color: #8bbfbf;\">Information som du uppger<\/span><\/h2>\n<p><span class=\"font-555555\">N\u00e4r du registrerar ett LoopMe-konto hos oss s\u00e5 ombeds du att uppge en e-postadress och ett anv\u00e4ndarnamn. Om du vill kan du \u00e4ven ladda upp en personlig profilbild som kopplas till ditt konto. Dukan v\u00e4lja att anv\u00e4nda LoopMe genom att logga in med ett Google-konto eller ett Microsoft-konto. I dessa fall kommer vi att automatiskt anv\u00e4nda ditt anv\u00e4ndarnamn och infoga den profilbild som du anv\u00e4nder via ditt Google\/Microsoft-konto.<\/span><\/p>\n<p><span class=\"font-555555\">N\u00e4r du sedan anv\u00e4nder LoopMe kommer vi att samla f\u00f6ljande information som kopplas till ditt personliga LoopMe-konto:<\/span><\/p>\n<ul>\n<li>\n<p><span class=\"font-555555\">Koppling mellan ditt LoopMe-konto och den\/de organisationer och grupper som du \u00e4r medlem i (inom LoopMe-systemet)<\/span><\/p>\n<\/li>\n<li>\n<p><span class=\"font-555555\">Genomf\u00f6rda uppdrag<\/span><\/p>\n<\/li>\n<li>\n<p><span class=\"font-555555\">Valda taggar anv\u00e4nda taggar<\/span><\/p>\n<\/li>\n<li>\n<p><span class=\"font-555555\">Valda smileys valda k\u00e4nsloikoner\/k\u00e4nslosmileys<\/span><\/p>\n<\/li>\n<li>\n<p><span class=\"font-555555\">Fritext du skrivit<\/span><\/p>\n<\/li>\n<li>\n<p><span class=\"font-555555\">Kommentarer du skrivit<\/span><\/p>\n<\/li>\n<li>\n<p><span class=\"font-555555\">Filer\/bilder som du har bifogat i loopar<\/span><\/p>\n<\/li>\n<\/ul>\n<div>\u00a0<\/div>\n<p><span class=\"font-555555\">Syftet med den data som samlas in via LoopMe \u00e4r att planera, tydligg\u00f6ra krav, f\u00f6lja och st\u00f6dja individers (elever\/studenter\/medarbetare) arbete \u2013 inte att bed\u00f6ma\/betygs\u00e4tta. Data utg\u00f6r f\u00f6rst och fr\u00e4mst en formativ dialog mellan l\u00e4raren\/ledare och dennes elever\/studenter\/medarbetare och kan fungera som ett av flera underlag f\u00f6r den samlade bilden av respektive individs l\u00e4rprocess.<\/span><\/p>\n<h2><span style=\"color: #8bbfbf;\">Information som vi f\u00e5r n\u00e4r du anv\u00e4nder v\u00e5ra tj\u00e4nster<\/span><\/h2>\n<p>Vi samlar in information om hur du anv\u00e4nder v\u00e5r tj\u00e4nst i syfte att underl\u00e4tta support \u00e4renden och \u00e4ven i syfte att f\u00f6rb\u00e4ttra v\u00e5r tj\u00e4nst. F\u00f6ljande information samlar vi in n\u00e4r du anv\u00e4nder LoopMe:<\/p>\n<div>\n<p><strong><span class=\"font-555555\">Enhetsinformation<\/span><\/strong><\/p>\n<\/div>\n<p>Vi samlar in information om den specifika enheten som anv\u00e4nds (operativsystemets version)<\/p>\n<p><strong>Logginformation<\/strong><\/p>\n<p>N\u00e4r du anv\u00e4nder LoopMe samlar vi automatiskt in och lagrar viss information i serverns loggar. Informationen omfattar f\u00f6ljande:<\/p>\n<ul>\n<li>\n<p>Information om h\u00e4ndelser p\u00e5 din enhet s\u00e5som krascher (du godk\u00e4nner sj\u00e4lv aktivt om du \u00e4r beredd att s\u00e4nda oss denna information).<\/p>\n<\/li>\n<li>\n<p>Cookies som kan identifiera vilket spr\u00e5k du valt, de personuppgifter du angett i ditt personliga LoopMe-konto (exklusive l\u00f6senord), information om koppling till Google \/Microsoft (om Google \/Microsoft har anslutits) dina inloggningsuppgifter till ditt personliga LoopMe-konto, URL-adressen till din profilbild samt information om n\u00e4r ditt LoopMe-konto \u00e4r skapat.<\/p>\n<\/li>\n<li>\n<p>F\u00f6r de personer som har skapat en grupp och \u00f6vriga loopmottagare i gruppen (t ex l\u00e4rare\/ledare) skapas \u00e4ven en cookie med statistikdata (antal skickade loopar, mest anv\u00e4nda valda taggar, valda mest anv\u00e4nda k\u00e4nsloikoner\/k\u00e4nslosmileys smileys och antal kommentarer och loopar som \u00e4r skickade inom respektive grupp d\u00e4r man \u00e4r loopmottagare)<\/p>\n<\/li>\n<\/ul>\n<p>Samtlig logginformation rensas bort automatiskt fr\u00e5n din enhet n\u00e4r du loggar ut ur LoopMe-systemet.<\/p>\n<h2><span style=\"color: #8bbfbf;\">Informationss\u00e4kerhet<\/span><\/h2>\n<p>Vi jobbar h\u00e5rt f\u00f6r att skydda LoopMe och v\u00e5ra anv\u00e4ndare mot obeh\u00f6rig \u00e5tkomst, \u00e4ndring, yppande eller f\u00f6rst\u00f6relse av informationsom vi f\u00f6rvaltar. Specifika s\u00e4kerhets\u00e5tg\u00e4rder:<\/p>\n<ul>\n<li>\n<p>Vi krypterar alla v\u00e5ra tj\u00e4nstermed SSL.<\/p>\n<\/li>\n<li>\n<p>LoopMe k\u00f6rs via servrar som \u00e4gs av f\u00f6retaget Amazon och vi anv\u00e4nder deras h\u00f6gsta s\u00e4kerhetsniv\u00e5. Servrarna \u00e4r fysiskt placerade i Sverige.<\/p>\n<\/li>\n<li>\n<p>Samtlig information i LoopMe-systemet kommer att bearbetats via Amazons servrar i Sverige.<\/p>\n<\/li>\n<li>\n<p>Vi granskar l\u00f6pande v\u00e5ra rutiner f\u00f6r insamling, lagring och behandling av data i syfte att skydda mot obeh\u00f6rig \u00e5tkomst till system.<\/p>\n<\/li>\n<li>\n<p>V\u00e5ra ingenj\u00f6rer har en h\u00f6gkompetensniv\u00e5inom datas\u00e4kerhet och ser till att vi behandlar samlad information korrekt och med h\u00f6g s\u00e4kerhet.<\/p>\n<\/li>\n<\/ul>\n<h2><span style=\"color: #8bbfbf;\">Vem har r\u00e4tt att f\u00e5 \u00e5tkomst till informationen i LoopMe?<\/span><\/h2>\n<ul>\n<li>\n<p>De loopar du skickar i systemet finns endast tillg\u00e4nglig via din personliga inloggning och via de l\u00e4rares\/ledares inloggningar som du rapporterar till.<\/p>\n<\/li>\n<li>\n<p>Om den fritext du skriver in en loop inneh\u00e5ller uppgifter som din l\u00e4rare \u00e4rskyldig att anm\u00e4la till annan, t.ex. uppgifter om kr\u00e4nkande behandling, straffbelagda handlingar eller uppgifter som ska anm\u00e4las till socialtj\u00e4nsten, till\u00e4mpas de regler och rutiner som finns p\u00e5 skolan\/din organisation f\u00f6r att rapportera detta vidare.<\/p>\n<\/li>\n<li>\n<p>Varje loopande anv\u00e4ndare (elev\/student\/medarbetare) inbjuds att l\u00f6pande rapportera aktiviteter, tankar och k\u00e4nslor kopplade till undervisningen eller en utvecklingsprocess. Tidpunkt och antal rapporter som g\u00f6rs \u00e4r upp till varje individ att v\u00e4lja.<\/p>\n<\/li>\n<li>\n<p>N\u00e4r en loopande anv\u00e4ndare skickar sk. \u201dfria loopar\u201d kan anv\u00e4ndaren sj\u00e4lvv\u00e4lja att vara anonym (vid fritext kan l\u00e4raren\/ledaren ibland \u00e4nd\u00e5 kommaatt kunna h\u00e4rleda en \u201dfri loop\u201d till enskild elev\/student\/medarbetare, genom att l\u00e4raren\/ledaren kan k\u00e4nna igen individens s\u00e4tt att skriva) samtom individen har bifogat en fil eller bild som avsl\u00f6jar individens identitet.<\/p>\n<\/li>\n<li>\n<p>Mottagaren av en \u201dfri loop\u201d kan alltid starta en kommentarstr\u00e5d och ge direktrespons tillbaka till den individ som har skickat loopen.<\/p>\n<\/li>\n<\/ul>\n<h2><span style=\"color: #8bbfbf;\">Hur l\u00e4nge kommer data i LoopMe att sparas?<\/span><\/h2>\n<section class=\"pdf_page\" aria-label=\"Page 8\">\n<div class=\"textlayer\">\n<p>All data i LoopMe sparas med personkoppling s\u00e5 l\u00e4nge som respektive l\u00e4rare\/skola\/kommun anser det vara n\u00f6dv\u00e4ndigt att <span style=\"font-family: -apple-system, BlinkMacSystemFont, 'Segoe UI', Roboto, Oxygen-Sans, Ubuntu, Cantarell, 'Helvetica Neue', sans-serif;\">beh<\/span><span style=\"font-family: -apple-system, BlinkMacSystemFont, 'Segoe UI', Roboto, Oxygen-Sans, Ubuntu, Cantarell, 'Helvetica Neue', sans-serif;\">\u00e5<\/span><span style=\"font-family: -apple-system, BlinkMacSystemFont, 'Segoe UI', Roboto, Oxygen-Sans, Ubuntu, Cantarell, 'Helvetica Neue', sans-serif;\">lla den. Varje grupp\u00e4gare har m\u00f6jlighet att n\u00e4r som helst <\/span><span style=\"font-family: -apple-system, BlinkMacSystemFont, 'Segoe UI', Roboto, Oxygen-Sans, Ubuntu, Cantarell, 'Helvetica Neue', sans-serif;\">beg\u00e4ra att information raderas.<\/span><\/p>\n<\/div>\n<\/section>\n<h2><span style=\"color: #8bbfbf;\">\u00c4ndringar<\/span><\/h2>\n<p>Integritetspolicyn kan komma att \u00e4ndras fr\u00e5n tid till annan. Vi kommer inte att begr\u00e4nsa dina r\u00e4ttigheter enligt denna integritetspolicy utan ditt uttryckliga samtycke. Vi kommer att l\u00e4gga upp meddelanden om \u00e4ndringar i integritetspolicyn p\u00e5 den h\u00e4r sidanoch om \u00e4ndringarna \u00e4r betydande kommer vi att tillhandah\u00e5lla ett mer framtr\u00e4dande meddelande (inklusive e-postmeddelanden om \u00e4ndringar av integritetspolicyn). Vi kommer \u00e4ven att spara tidigare versioner av denna integritetspolicy i ett arkiv s\u00e5 att du kan l\u00e4sa dem.<\/p>\n<p>Ansvarig f\u00f6r LoopMe-systemet \u00e4r LoopMe Group AB, 556961-1824, F\u00f6r kontakt och fr\u00e5gor v\u00e4nligen mejla till <a href=\"mailto:info@loopme.se\">info@loopme.se<\/a>. F\u00f6r \u00f6vriga kontaktuppgifter, se hemsidan <a href=\"http:\/\/loopme.se\">www.loopme.se<\/a> eller www.loopme.se\/support.<\/p>\n<p><br \/>.[\/vc_column_text][\/vc_column][\/vc_row]<\/p>\n\n\n<p><\/p>\n<\/div>","protected":false},"excerpt":{"rendered":"<p>[vc_row][vc_column width=&#8221;1\/1&#8243;][vc_custom_heading text_color=&#8221;accent&#8221; sub_lead=&#8221;yes&#8221; sub_reduced=&#8221;yes&#8221; subheading=&#8221;N\u00e4r du anv\u00e4nder LoopMe anf\u00f6rtror du oss dina uppgifter. I den h\u00e4r integritetspolicyn f\u00f6rklarar vi [&hellip;]<\/p>\n","protected":false},"author":1,"featured_media":0,"parent":0,"menu_order":0,"comment_status":"closed","ping_status":"closed","template":"","meta":{"_monsterinsights_skip_tracking":false,"_monsterinsights_sitenote_active":false,"_monsterinsights_sitenote_note":"","_monsterinsights_sitenote_category":0,"footnotes":""},"class_list":["post-1997","page","type-page","status-publish","hentry"],"yoast_head":"<!-- This site is optimized with the Yoast SEO plugin v27.3 - https:\/\/yoast.com\/product\/yoast-seo-wordpress\/ -->\n<title>Privacy Policy | LoopMe<\/title>\n<meta name=\"robots\" content=\"index, follow, max-snippet:-1, max-image-preview:large, max-video-preview:-1\" \/>\n<link rel=\"canonical\" href=\"https:\/\/loopme.se\/sv\/privacy-policy\/\" \/>\n<meta property=\"og:locale\" content=\"sv_SE\" \/>\n<meta property=\"og:type\" content=\"article\" \/>\n<meta property=\"og:title\" content=\"Privacy Policy | LoopMe\" \/>\n<meta property=\"og:description\" content=\"[vc_row][vc_column width=&#8221;1\/1&#8243;][vc_custom_heading text_color=&#8221;accent&#8221; sub_lead=&#8221;yes&#8221; sub_reduced=&#8221;yes&#8221; subheading=&#8221;N\u00e4r du anv\u00e4nder LoopMe anf\u00f6rtror du oss dina uppgifter. I den h\u00e4r integritetspolicyn f\u00f6rklarar vi [&hellip;]\" \/>\n<meta property=\"og:url\" content=\"https:\/\/loopme.se\/sv\/privacy-policy\/\" \/>\n<meta property=\"og:site_name\" content=\"LoopMe\" \/>\n<meta property=\"article:publisher\" content=\"https:\/\/www.facebook.com\/meanalytics\" \/>\n<meta property=\"article:modified_time\" content=\"2024-12-13T08:01:58+00:00\" \/>\n<meta name=\"twitter:card\" content=\"summary_large_image\" \/>\n<meta name=\"twitter:label1\" content=\"Ber\u00e4knad l\u00e4stid\" \/>\n\t<meta name=\"twitter:data1\" content=\"5 minuter\" \/>\n<script type=\"application\/ld+json\" class=\"yoast-schema-graph\">{\"@context\":\"https:\\\/\\\/schema.org\",\"@graph\":[{\"@type\":\"WebPage\",\"@id\":\"https:\\\/\\\/loopme.se\\\/sv\\\/privacy-policy\\\/\",\"url\":\"https:\\\/\\\/loopme.se\\\/sv\\\/privacy-policy\\\/\",\"name\":\"Privacy Policy | LoopMe\",\"isPartOf\":{\"@id\":\"https:\\\/\\\/loopme.se\\\/sv\\\/#website\"},\"datePublished\":\"2020-10-28T15:44:52+00:00\",\"dateModified\":\"2024-12-13T08:01:58+00:00\",\"breadcrumb\":{\"@id\":\"https:\\\/\\\/loopme.se\\\/sv\\\/privacy-policy\\\/#breadcrumb\"},\"inLanguage\":\"sv-SE\",\"potentialAction\":[{\"@type\":\"ReadAction\",\"target\":[\"https:\\\/\\\/loopme.se\\\/sv\\\/privacy-policy\\\/\"]}]},{\"@type\":\"BreadcrumbList\",\"@id\":\"https:\\\/\\\/loopme.se\\\/sv\\\/privacy-policy\\\/#breadcrumb\",\"itemListElement\":[{\"@type\":\"ListItem\",\"position\":1,\"name\":\"Home\",\"item\":\"https:\\\/\\\/loopme.se\\\/sv\\\/\"},{\"@type\":\"ListItem\",\"position\":2,\"name\":\"Privacy Policy\"}]},{\"@type\":\"WebSite\",\"@id\":\"https:\\\/\\\/loopme.se\\\/sv\\\/#website\",\"url\":\"https:\\\/\\\/loopme.se\\\/sv\\\/\",\"name\":\"LoopMe\",\"description\":\"Shed light on individual development and ease your requirement as a leader\",\"publisher\":{\"@id\":\"https:\\\/\\\/loopme.se\\\/sv\\\/#organization\"},\"potentialAction\":[{\"@type\":\"SearchAction\",\"target\":{\"@type\":\"EntryPoint\",\"urlTemplate\":\"https:\\\/\\\/loopme.se\\\/sv\\\/?s={search_term_string}\"},\"query-input\":{\"@type\":\"PropertyValueSpecification\",\"valueRequired\":true,\"valueName\":\"search_term_string\"}}],\"inLanguage\":\"sv-SE\"},{\"@type\":\"Organization\",\"@id\":\"https:\\\/\\\/loopme.se\\\/sv\\\/#organization\",\"name\":\"LoopMe\",\"url\":\"https:\\\/\\\/loopme.se\\\/sv\\\/\",\"logo\":{\"@type\":\"ImageObject\",\"inLanguage\":\"sv-SE\",\"@id\":\"https:\\\/\\\/loopme.se\\\/sv\\\/#\\\/schema\\\/logo\\\/image\\\/\",\"url\":\"http:\\\/\\\/dev.loopme.io\\\/wp-content\\\/uploads\\\/2020\\\/04\\\/logo_teal_500.png\",\"contentUrl\":\"http:\\\/\\\/dev.loopme.io\\\/wp-content\\\/uploads\\\/2020\\\/04\\\/logo_teal_500.png\",\"width\":500,\"height\":500,\"caption\":\"LoopMe\"},\"image\":{\"@id\":\"https:\\\/\\\/loopme.se\\\/sv\\\/#\\\/schema\\\/logo\\\/image\\\/\"},\"sameAs\":[\"https:\\\/\\\/www.facebook.com\\\/meanalytics\",\"https:\\\/\\\/www.linkedin.com\\\/company\\\/loopme-me-analytics-ab\",\"https:\\\/\\\/www.youtube.com\\\/channel\\\/UCqVPcXPMa7eR7v7BxkObx3Q\"]}]}<\/script>\n<!-- \/ Yoast SEO plugin. -->","yoast_head_json":{"title":"Privacy Policy | LoopMe","robots":{"index":"index","follow":"follow","max-snippet":"max-snippet:-1","max-image-preview":"max-image-preview:large","max-video-preview":"max-video-preview:-1"},"canonical":"https:\/\/loopme.se\/sv\/privacy-policy\/","og_locale":"sv_SE","og_type":"article","og_title":"Privacy Policy | LoopMe","og_description":"[vc_row][vc_column width=&#8221;1\/1&#8243;][vc_custom_heading text_color=&#8221;accent&#8221; sub_lead=&#8221;yes&#8221; sub_reduced=&#8221;yes&#8221; subheading=&#8221;N\u00e4r du anv\u00e4nder LoopMe anf\u00f6rtror du oss dina uppgifter. I den h\u00e4r integritetspolicyn f\u00f6rklarar vi [&hellip;]","og_url":"https:\/\/loopme.se\/sv\/privacy-policy\/","og_site_name":"LoopMe","article_publisher":"https:\/\/www.facebook.com\/meanalytics","article_modified_time":"2024-12-13T08:01:58+00:00","twitter_card":"summary_large_image","twitter_misc":{"Ber\u00e4knad l\u00e4stid":"5 minuter"},"schema":{"@context":"https:\/\/schema.org","@graph":[{"@type":"WebPage","@id":"https:\/\/loopme.se\/sv\/privacy-policy\/","url":"https:\/\/loopme.se\/sv\/privacy-policy\/","name":"Privacy Policy | LoopMe","isPartOf":{"@id":"https:\/\/loopme.se\/sv\/#website"},"datePublished":"2020-10-28T15:44:52+00:00","dateModified":"2024-12-13T08:01:58+00:00","breadcrumb":{"@id":"https:\/\/loopme.se\/sv\/privacy-policy\/#breadcrumb"},"inLanguage":"sv-SE","potentialAction":[{"@type":"ReadAction","target":["https:\/\/loopme.se\/sv\/privacy-policy\/"]}]},{"@type":"BreadcrumbList","@id":"https:\/\/loopme.se\/sv\/privacy-policy\/#breadcrumb","itemListElement":[{"@type":"ListItem","position":1,"name":"Home","item":"https:\/\/loopme.se\/sv\/"},{"@type":"ListItem","position":2,"name":"Privacy Policy"}]},{"@type":"WebSite","@id":"https:\/\/loopme.se\/sv\/#website","url":"https:\/\/loopme.se\/sv\/","name":"LoopMe","description":"Shed light on individual development and ease your requirement as a leader","publisher":{"@id":"https:\/\/loopme.se\/sv\/#organization"},"potentialAction":[{"@type":"SearchAction","target":{"@type":"EntryPoint","urlTemplate":"https:\/\/loopme.se\/sv\/?s={search_term_string}"},"query-input":{"@type":"PropertyValueSpecification","valueRequired":true,"valueName":"search_term_string"}}],"inLanguage":"sv-SE"},{"@type":"Organization","@id":"https:\/\/loopme.se\/sv\/#organization","name":"LoopMe","url":"https:\/\/loopme.se\/sv\/","logo":{"@type":"ImageObject","inLanguage":"sv-SE","@id":"https:\/\/loopme.se\/sv\/#\/schema\/logo\/image\/","url":"http:\/\/dev.loopme.io\/wp-content\/uploads\/2020\/04\/logo_teal_500.png","contentUrl":"http:\/\/dev.loopme.io\/wp-content\/uploads\/2020\/04\/logo_teal_500.png","width":500,"height":500,"caption":"LoopMe"},"image":{"@id":"https:\/\/loopme.se\/sv\/#\/schema\/logo\/image\/"},"sameAs":["https:\/\/www.facebook.com\/meanalytics","https:\/\/www.linkedin.com\/company\/loopme-me-analytics-ab","https:\/\/www.youtube.com\/channel\/UCqVPcXPMa7eR7v7BxkObx3Q"]}]}},"_links":{"self":[{"href":"https:\/\/loopme.se\/sv\/wp-json\/wp\/v2\/pages\/1997","targetHints":{"allow":["GET"]}}],"collection":[{"href":"https:\/\/loopme.se\/sv\/wp-json\/wp\/v2\/pages"}],"about":[{"href":"https:\/\/loopme.se\/sv\/wp-json\/wp\/v2\/types\/page"}],"author":[{"embeddable":true,"href":"https:\/\/loopme.se\/sv\/wp-json\/wp\/v2\/users\/1"}],"replies":[{"embeddable":true,"href":"https:\/\/loopme.se\/sv\/wp-json\/wp\/v2\/comments?post=1997"}],"version-history":[{"count":7,"href":"https:\/\/loopme.se\/sv\/wp-json\/wp\/v2\/pages\/1997\/revisions"}],"predecessor-version":[{"id":4798,"href":"https:\/\/loopme.se\/sv\/wp-json\/wp\/v2\/pages\/1997\/revisions\/4798"}],"wp:attachment":[{"href":"https:\/\/loopme.se\/sv\/wp-json\/wp\/v2\/media?parent=1997"}],"curies":[{"name":"wp","href":"https:\/\/api.w.org\/{rel}","templated":true}]}}