{"id":1200,"date":"2020-04-03T12:55:39","date_gmt":"2020-04-03T12:55:39","guid":{"rendered":"https:\/\/wordpress.loopme.io\/priser\/"},"modified":"2024-09-02T16:21:40","modified_gmt":"2024-09-02T14:21:40","slug":"priser","status":"publish","type":"page","link":"https:\/\/loopme.se\/sv\/priser\/","title":{"rendered":"Priser"},"content":{"rendered":"<div class=\"wpb-content-wrapper\"><p>[vc_row row_height_percent=&#8221;0&#8243; override_padding=&#8221;yes&#8221; h_padding=&#8221;2&#8243; top_padding=&#8221;2&#8243; bottom_padding=&#8221;2&#8243; overlay_alpha=&#8221;50&#8243; gutter_size=&#8221;3&#8243; column_width_percent=&#8221;100&#8243; shift_y=&#8221;0&#8243; z_index=&#8221;0&#8243;][vc_column column_width_percent=&#8221;100&#8243; align_horizontal=&#8221;align_center&#8221; gutter_size=&#8221;1&#8243; overlay_alpha=&#8221;50&#8243; shift_x=&#8221;0&#8243; shift_y=&#8221;0&#8243; shift_y_down=&#8221;0&#8243; z_index=&#8221;0&#8243; medium_width=&#8221;0&#8243; mobile_width=&#8221;0&#8243; width=&#8221;1\/1&#8243;][vc_custom_heading separator=&#8221;yes&#8221; separator_color=&#8221;yes&#8221;]PRISPLANER F\u00d6R LOOPME[\/vc_custom_heading][vc_column_text uncode_shortcode_id=&#8221;179514&#8243;]<\/p>\n<p style=\"text-align: center;\">V\u00e4lj den niv\u00e5 som passar dig. Du kan n\u00e4r som helst uppgradera. Priser \u00e4r exkl moms.<br \/>\nVid st\u00f6rre volymer, v\u00e4nligen kontakta oss p\u00e5 <a href=\"mailto:support@loopme.se?subject=Volymrabatt\">support@loopme.se<\/a> f\u00f6r mer information om v\u00e5ra volymrabatter.<\/p>\n<p>[\/vc_column_text][vc_column_text text_lead=&#8221;yes&#8221; css_animation=&#8221;zoom-in&#8221; uncode_shortcode_id=&#8221;139560&#8243;]<\/p>\n<h2 style=\"text-align: center;\"><mark>ERBJUDANDE!<br \/>\n<\/mark><mark>Just nu erbjuder vi alla skolor\/f\u00f6rskolor paketl\u00f6sningen<br \/>\n&#8221;Den vetenskapande skolan\/f\u00f6rskolan&#8221;.<br \/>\nKlicka och l\u00e4s mer <a href=\"https:\/\/loopme.se\/sv\/paketlosning\/\" target=\"_blank\" rel=\"noopener noreferrer\"><strong>H\u00c4R<\/strong><\/a>.<\/mark><\/h2>\n<p>[\/vc_column_text][\/vc_column][\/vc_row][vc_row unlock_row_content=&#8221;yes&#8221; row_height_percent=&#8221;0&#8243; override_padding=&#8221;yes&#8221; h_padding=&#8221;0&#8243; top_padding=&#8221;0&#8243; bottom_padding=&#8221;0&#8243; overlay_alpha=&#8221;50&#8243; equal_height=&#8221;yes&#8221; gutter_size=&#8221;0&#8243; column_width_percent=&#8221;100&#8243; shift_y=&#8221;0&#8243; z_index=&#8221;0&#8243;][vc_column column_width_percent=&#8221;100&#8243; align_horizontal=&#8221;align_center&#8221; gutter_size=&#8221;3&#8243; override_padding=&#8221;yes&#8221; column_padding=&#8221;4&#8243; style=&#8221;dark&#8221; back_color=&#8221;color-488220&#8243; overlay_alpha=&#8221;50&#8243; shift_x=&#8221;0&#8243; shift_y=&#8221;0&#8243; shift_y_down=&#8221;0&#8243; z_index=&#8221;0&#8243; medium_width=&#8221;0&#8243; mobile_width=&#8221;0&#8243; width=&#8221;1\/4&#8243;][vc_row_inner limit_content=&#8221;&#8221;][vc_column_inner column_width_percent=&#8221;100&#8243; align_horizontal=&#8221;align_center&#8221; gutter_size=&#8221;2&#8243; overlay_alpha=&#8221;50&#8243; shift_x=&#8221;0&#8243; shift_y=&#8221;0&#8243; shift_y_down=&#8221;0&#8243; z_index=&#8221;0&#8243; medium_width=&#8221;0&#8243; mobile_width=&#8221;0&#8243; width=&#8221;1\/1&#8243;][vc_custom_heading text_color=&#8221;color-xsdn&#8221; heading_semantic=&#8221;h3&#8243; text_transform=&#8221;uppercase&#8221; uncode_shortcode_id=&#8221;176713&#8243; text_color_type=&#8221;uncode-palette&#8221;]Gratis[\/vc_custom_heading][vc_column_text uncode_shortcode_id=&#8221;154758&#8243;]<strong><span style=\"color: #ffffff;\">Prova fullversionen av LoopMe tillsammans med n\u00e5gra elever \/ studenter \/ medarbetare. <\/span><\/strong><\/p>\n<p><strong><span style=\"color: #ffffff;\">G\u00e4ller f\u00f6r skolor, offentlig verksamhet, id\u00e9ella f\u00f6reningar samt privata f\u00f6retag<\/span><\/strong>[\/vc_column_text][vc_custom_heading text_color=&#8221;color-lxmt&#8221; heading_semantic=&#8221;h3&#8243; text_size=&#8221;h1&#8243; sub_lead=&#8221;small&#8221; sub_reduced=&#8221;yes&#8221; uncode_shortcode_id=&#8221;101604&#8243; text_color_type=&#8221;uncode-palette&#8221; text_color_solid=&#8221;#ff0000&#8243; subheading=&#8221;Ingen f\u00f6ranm\u00e4lan beh\u00f6vs.<br \/>\nStarta en f\u00f6rsta grupp och prova.<br \/>\n(Klicka p\u00e5 knappen och l\u00e4s mer)&#8221;]0 kr<br \/>\ni 30 dagar[\/vc_custom_heading][\/vc_column_inner][\/vc_row_inner][vc_button border_width=&#8221;0&#8243; link=&#8221;url:https%3A%2F%2Fwww.loopme.io%2Fsv%2Fbetala-nu-eller-senare%2F|title:Betala%20nu%20eller%20senare||&#8221; uncode_shortcode_id=&#8221;122835&#8243;]Prova gratis[\/vc_button][vc_column_text text_lead=&#8221;small&#8221; uncode_shortcode_id=&#8221;105914&#8243;]<span style=\"color: #ffffff;\">Prova gratis i 30 dagar.<br \/>\nInget kreditkort beh\u00f6vs.<\/span>[\/vc_column_text][vc_separator sep_color=&#8221;&#8221; type=&#8221;dashed&#8221; uncode_shortcode_id=&#8221;123602&#8243; el_height=&#8221;2&#8243;][vc_column_text uncode_shortcode_id=&#8221;214439&#8243;]Detta ing\u00e5r:<\/p>\n<p>\u2022 Fritt antal grupper<br \/>\n\u2022 Fritt antal inneh\u00e5llspaket<br \/>\n\u2022 Gratis appar<br \/>\n\u2022 Gratis webbsupport<br \/>\n\u2022 Loopar sparas i 3 m\u00e5nader[\/vc_column_text][\/vc_column][vc_column column_width_percent=&#8221;100&#8243; align_horizontal=&#8221;align_center&#8221; gutter_size=&#8221;3&#8243; override_padding=&#8221;yes&#8221; column_padding=&#8221;4&#8243; style=&#8221;dark&#8221; back_color=&#8221;color-772596&#8243; overlay_alpha=&#8221;50&#8243; shift_x=&#8221;0&#8243; shift_y=&#8221;0&#8243; shift_y_down=&#8221;0&#8243; z_index=&#8221;0&#8243; medium_width=&#8221;0&#8243; mobile_width=&#8221;0&#8243; width=&#8221;1\/4&#8243;][vc_row_inner limit_content=&#8221;&#8221;][vc_column_inner column_width_percent=&#8221;100&#8243; align_horizontal=&#8221;align_center&#8221; gutter_size=&#8221;2&#8243; style=&#8221;dark&#8221; overlay_alpha=&#8221;50&#8243; shift_x=&#8221;0&#8243; shift_y=&#8221;0&#8243; shift_y_down=&#8221;0&#8243; z_index=&#8221;0&#8243; medium_width=&#8221;0&#8243; mobile_width=&#8221;0&#8243; width=&#8221;1\/1&#8243; uncode_shortcode_id=&#8221;570208&#8243;][vc_custom_heading heading_semantic=&#8221;h3&#8243; text_transform=&#8221;uppercase&#8221;]Bas[\/vc_custom_heading][vc_column_text uncode_shortcode_id=&#8221;170522&#8243;]<span style=\"color: #333333;\"><strong>Enklare version som endast kan tecknas av en skolorganisation f\u00f6r vetenskaplig skolutveckling.<\/strong><\/span><\/p>\n<p>Denna version anv\u00e4nds av f\u00f6rskolans\/skolans personal och dess l\u00e4rledare.[\/vc_column_text][vc_custom_heading text_color=&#8221;color-lxmt&#8221; heading_semantic=&#8221;h3&#8243; text_size=&#8221;h1&#8243; sub_lead=&#8221;small&#8221; sub_reduced=&#8221;yes&#8221; uncode_shortcode_id=&#8221;202200&#8243; text_color_type=&#8221;uncode-palette&#8221; text_color_solid=&#8221;#ff0000&#8243; subheading=&#8221;Faktureras \u00e5rligen<br \/>\n(En betalning p\u00e5 636 kr per ledare och skolpersonal\/\u00e5r)&#8221;]53 kr<br \/>\nper m\u00e5nad[\/vc_custom_heading][vc_button border_width=&#8221;0&#8243; link=&#8221;url:https%3A%2F%2Fwww.loopme.io%2Fsv%2Fbetala-nu-eller-senare%2F|title:Betala%20nu%20eller%20senare||&#8221; uncode_shortcode_id=&#8221;122835&#8243;]Prova gratis[\/vc_button][vc_column_text text_lead=&#8221;small&#8221; uncode_shortcode_id=&#8221;105914&#8243;]<span style=\"color: #ffffff;\">Prova gratis i 30 dagar.<br \/>\nInget kreditkort beh\u00f6vs.<\/span>[\/vc_column_text][vc_separator sep_color=&#8221;&#8221; type=&#8221;dashed&#8221; uncode_shortcode_id=&#8221;123602&#8243; el_height=&#8221;2&#8243;][vc_empty_space empty_h=&#8221;2&#8243;][vc_column_text]<span style=\"color: #ffffff;\">Allt fr\u00e5n Gratis, samt:<\/span><\/p>\n<p><span style=\"color: #ffffff;\">\u2022 Flera ledare i varje grupp<br \/>\n\u2022 Webbanalys<br \/>\n\u2022 Excel-utdrag<br \/>\n\u2022 Loopar sparas upp till 36 m\u00e5nader<\/span>[\/vc_column_text][\/vc_column_inner][\/vc_row_inner][\/vc_column][vc_column column_width_percent=&#8221;100&#8243; align_horizontal=&#8221;align_center&#8221; gutter_size=&#8221;3&#8243; override_padding=&#8221;yes&#8221; column_padding=&#8221;4&#8243; style=&#8221;dark&#8221; back_color=&#8221;color-136821&#8243; overlay_alpha=&#8221;50&#8243; shift_x=&#8221;0&#8243; shift_y=&#8221;0&#8243; shift_y_down=&#8221;0&#8243; z_index=&#8221;0&#8243; medium_width=&#8221;0&#8243; mobile_width=&#8221;0&#8243; width=&#8221;1\/4&#8243;][vc_row_inner limit_content=&#8221;&#8221;][vc_column_inner column_width_percent=&#8221;100&#8243; align_horizontal=&#8221;align_center&#8221; gutter_size=&#8221;2&#8243; style=&#8221;dark&#8221; overlay_alpha=&#8221;50&#8243; shift_x=&#8221;0&#8243; shift_y=&#8221;0&#8243; shift_y_down=&#8221;0&#8243; z_index=&#8221;0&#8243; medium_width=&#8221;0&#8243; mobile_width=&#8221;0&#8243; width=&#8221;1\/1&#8243; uncode_shortcode_id=&#8221;131408&#8243;][vc_custom_heading heading_semantic=&#8221;h3&#8243; text_transform=&#8221;uppercase&#8221;]Standard[\/vc_custom_heading][vc_column_text uncode_shortcode_id=&#8221;124994&#8243;]<strong><span style=\"color: #ffffff;\">Fullversion f\u00f6r l\u00e4rare p\u00e5 skolor d\u00e4r elever\/studenter anv\u00e4nder LoopMe gratis.<\/span><\/strong><\/p>\n<p><strong><span style=\"color: #ffffff;\">Fullversion f\u00f6r \u00f6vrig offentlig och privat verksamhet d\u00e4r samtliga anv\u00e4ndare har personliga licenser.<\/span><\/strong>[\/vc_column_text][vc_custom_heading text_color=&#8221;color-lxmt&#8221; heading_semantic=&#8221;h3&#8243; text_size=&#8221;h1&#8243; sub_lead=&#8221;small&#8221; sub_reduced=&#8221;yes&#8221; uncode_shortcode_id=&#8221;170606&#8243; text_color_type=&#8221;uncode-palette&#8221; text_color_solid=&#8221;#ff0000&#8243; subheading=&#8221;Faktureras \u00e5rligen<br \/>\n(En betalning p\u00e5 1 260 kr per l\u00e4rare eller medarbetare\/\u00e5r)&#8221;]105 kr<br \/>\nper m\u00e5nad[\/vc_custom_heading][vc_button border_width=&#8221;0&#8243; link=&#8221;url:https%3A%2F%2Fwww.loopme.io%2Fsv%2Fbetala-nu-eller-senare%2F|title:Betala%20nu%20eller%20senare||&#8221; uncode_shortcode_id=&#8221;122835&#8243;]Prova gratis[\/vc_button][vc_column_text text_lead=&#8221;small&#8221; uncode_shortcode_id=&#8221;404848&#8243;]<span style=\"color: #ffffff;\">Prova gratis i 30 dagar.<br \/>\nInget kreditkort beh\u00f6vs.<\/span>[\/vc_column_text][vc_separator sep_color=&#8221;&#8221; type=&#8221;dashed&#8221; uncode_shortcode_id=&#8221;123602&#8243; el_height=&#8221;2&#8243;][vc_empty_space empty_h=&#8221;2&#8243;][vc_column_text uncode_shortcode_id=&#8221;121689&#8243;]<span style=\"color: #ffffff;\">Allt fr\u00e5n Bas, samt:<\/span><\/p>\n<p><span style=\"color: #ffffff;\">\u2022 Fritt antal loopare inom skolan (elever\/studenter)<br \/>\n\u2022 Loopar sparas upp till 48 m\u00e5nader<\/span>[\/vc_column_text][\/vc_column_inner][\/vc_row_inner][\/vc_column][vc_column column_width_percent=&#8221;100&#8243; gutter_size=&#8221;3&#8243; override_padding=&#8221;yes&#8221; column_padding=&#8221;4&#8243; style=&#8221;dark&#8221; back_color=&#8221;color-396537&#8243; overlay_alpha=&#8221;50&#8243; shift_x=&#8221;0&#8243; shift_y=&#8221;0&#8243; shift_y_down=&#8221;0&#8243; z_index=&#8221;0&#8243; medium_width=&#8221;0&#8243; mobile_width=&#8221;0&#8243; width=&#8221;1\/4&#8243;][vc_row_inner limit_content=&#8221;&#8221;][vc_column_inner column_width_percent=&#8221;100&#8243; align_horizontal=&#8221;align_center&#8221; gutter_size=&#8221;2&#8243; style=&#8221;dark&#8221; overlay_alpha=&#8221;50&#8243; shift_x=&#8221;0&#8243; shift_y=&#8221;0&#8243; shift_y_down=&#8221;0&#8243; z_index=&#8221;0&#8243; medium_width=&#8221;0&#8243; mobile_width=&#8221;0&#8243; width=&#8221;1\/1&#8243; uncode_shortcode_id=&#8221;110767&#8243;][vc_custom_heading heading_semantic=&#8221;h3&#8243; text_transform=&#8221;uppercase&#8221;]Plus[\/vc_custom_heading][vc_column_text uncode_shortcode_id=&#8221;162819&#8243;]<span style=\"color: #000000;\"><b>Specialversion f\u00f6r l\u00e4rare p\u00e5 skolor d\u00e4r elever\/studenters handledare anv\u00e4nder LoopMe gratis.<\/b><\/span><\/p>\n<p><span style=\"color: #000000;\"><b>Denna version anv\u00e4nds \u00e4ven av forskare f\u00f6r mer avancerade funktioner.<\/b><\/span>[\/vc_column_text][vc_custom_heading text_color=&#8221;color-lxmt&#8221; heading_semantic=&#8221;h3&#8243; text_size=&#8221;h1&#8243; sub_lead=&#8221;small&#8221; sub_reduced=&#8221;yes&#8221; uncode_shortcode_id=&#8221;174494&#8243; text_color_type=&#8221;uncode-palette&#8221; text_color_solid=&#8221;#ff0000&#8243; subheading=&#8221;Faktureras \u00e5rligen<br \/>\n(En betalning p\u00e5 1 920 kr per l\u00e4rare eller forskare\/\u00e5r)&#8221;]160 kr<br \/>\nper m\u00e5nad[\/vc_custom_heading][vc_button border_width=&#8221;0&#8243; link=&#8221;url:https%3A%2F%2Fwww.loopme.io%2Fsv%2Fbetala-nu-eller-senare%2F|title:Betala%20nu%20eller%20senare||&#8221; uncode_shortcode_id=&#8221;122835&#8243;]Prova gratis[\/vc_button][vc_column_text text_lead=&#8221;small&#8221; uncode_shortcode_id=&#8221;388878&#8243;]<span style=\"color: #ffffff;\">Prova gratis i 30 dagar.<br \/>\nInget kreditkort beh\u00f6vs.<\/span>[\/vc_column_text][vc_separator sep_color=&#8221;&#8221; type=&#8221;dashed&#8221; uncode_shortcode_id=&#8221;123602&#8243; el_height=&#8221;2&#8243;][vc_empty_space empty_h=&#8221;2&#8243;][vc_column_text uncode_shortcode_id=&#8221;181179&#8243;]<span style=\"color: #ffffff;\">Allt fr\u00e5n Standard, samt:<\/span><\/p>\n<p><span style=\"color: #ffffff;\">\u2022 Fritt antal f\u00f6ljare (handledare)<br \/>\n\u2022 F\u00f6ljarfunktioner (handledare)<br \/>\n\u2022 N\u00e4rvarofunktioner<br \/>\n<\/span>[\/vc_column_text][\/vc_column_inner][\/vc_row_inner][\/vc_column][\/vc_row][vc_row unlock_row_content=&#8221;yes&#8221; row_height_percent=&#8221;0&#8243; override_padding=&#8221;yes&#8221; h_padding=&#8221;0&#8243; top_padding=&#8221;0&#8243; bottom_padding=&#8221;0&#8243; overlay_alpha=&#8221;50&#8243; equal_height=&#8221;yes&#8221; gutter_size=&#8221;0&#8243; column_width_percent=&#8221;100&#8243; shift_y=&#8221;0&#8243; z_index=&#8221;0&#8243;][vc_column width=&#8221;1\/4&#8243;][\/vc_column][\/vc_row]<\/p>\n<\/div>","protected":false},"excerpt":{"rendered":"<p>[vc_row row_height_percent=&#8221;0&#8243; override_padding=&#8221;yes&#8221; h_padding=&#8221;2&#8243; top_padding=&#8221;2&#8243; bottom_padding=&#8221;2&#8243; overlay_alpha=&#8221;50&#8243; gutter_size=&#8221;3&#8243; column_width_percent=&#8221;100&#8243; shift_y=&#8221;0&#8243; z_index=&#8221;0&#8243;][vc_column column_width_percent=&#8221;100&#8243; align_horizontal=&#8221;align_center&#8221; gutter_size=&#8221;1&#8243; overlay_alpha=&#8221;50&#8243; shift_x=&#8221;0&#8243; shift_y=&#8221;0&#8243; shift_y_down=&#8221;0&#8243; z_index=&#8221;0&#8243; medium_width=&#8221;0&#8243; [&hellip;]<\/p>\n","protected":false},"author":1,"featured_media":0,"parent":0,"menu_order":0,"comment_status":"closed","ping_status":"closed","template":"","meta":{"_monsterinsights_skip_tracking":false,"_monsterinsights_sitenote_active":false,"_monsterinsights_sitenote_note":"","_monsterinsights_sitenote_category":0,"footnotes":""},"class_list":["post-1200","page","type-page","status-publish","hentry"],"yoast_head":"<!-- This site is optimized with the Yoast SEO plugin v27.3 - https:\/\/yoast.com\/product\/yoast-seo-wordpress\/ -->\n<title>Priser | LoopMe<\/title>\n<meta name=\"robots\" content=\"index, follow, max-snippet:-1, max-image-preview:large, max-video-preview:-1\" \/>\n<link rel=\"canonical\" href=\"https:\/\/loopme.se\/sv\/priser\/\" \/>\n<meta property=\"og:locale\" content=\"sv_SE\" \/>\n<meta property=\"og:type\" content=\"article\" \/>\n<meta property=\"og:title\" content=\"Priser | LoopMe\" \/>\n<meta property=\"og:description\" content=\"[vc_row row_height_percent=&#8221;0&#8243; override_padding=&#8221;yes&#8221; h_padding=&#8221;2&#8243; top_padding=&#8221;2&#8243; bottom_padding=&#8221;2&#8243; overlay_alpha=&#8221;50&#8243; gutter_size=&#8221;3&#8243; column_width_percent=&#8221;100&#8243; shift_y=&#8221;0&#8243; z_index=&#8221;0&#8243;][vc_column column_width_percent=&#8221;100&#8243; align_horizontal=&#8221;align_center&#8221; gutter_size=&#8221;1&#8243; overlay_alpha=&#8221;50&#8243; shift_x=&#8221;0&#8243; shift_y=&#8221;0&#8243; shift_y_down=&#8221;0&#8243; z_index=&#8221;0&#8243; medium_width=&#8221;0&#8243; [&hellip;]\" \/>\n<meta property=\"og:url\" content=\"https:\/\/loopme.se\/sv\/priser\/\" \/>\n<meta property=\"og:site_name\" content=\"LoopMe\" \/>\n<meta property=\"article:publisher\" content=\"https:\/\/www.facebook.com\/meanalytics\" \/>\n<meta property=\"article:modified_time\" content=\"2024-09-02T14:21:40+00:00\" \/>\n<meta name=\"twitter:card\" content=\"summary_large_image\" \/>\n<meta name=\"twitter:label1\" content=\"Ber\u00e4knad l\u00e4stid\" \/>\n\t<meta name=\"twitter:data1\" content=\"3 minuter\" \/>\n<script type=\"application\/ld+json\" class=\"yoast-schema-graph\">{\"@context\":\"https:\\\/\\\/schema.org\",\"@graph\":[{\"@type\":\"WebPage\",\"@id\":\"https:\\\/\\\/loopme.se\\\/sv\\\/priser\\\/\",\"url\":\"https:\\\/\\\/loopme.se\\\/sv\\\/priser\\\/\",\"name\":\"Priser | LoopMe\",\"isPartOf\":{\"@id\":\"https:\\\/\\\/www.loopme.io\\\/#website\"},\"datePublished\":\"2020-04-03T12:55:39+00:00\",\"dateModified\":\"2024-09-02T14:21:40+00:00\",\"breadcrumb\":{\"@id\":\"https:\\\/\\\/loopme.se\\\/sv\\\/priser\\\/#breadcrumb\"},\"inLanguage\":\"sv-SE\",\"potentialAction\":[{\"@type\":\"ReadAction\",\"target\":[\"https:\\\/\\\/loopme.se\\\/sv\\\/priser\\\/\"]}]},{\"@type\":\"BreadcrumbList\",\"@id\":\"https:\\\/\\\/loopme.se\\\/sv\\\/priser\\\/#breadcrumb\",\"itemListElement\":[{\"@type\":\"ListItem\",\"position\":1,\"name\":\"Home\",\"item\":\"https:\\\/\\\/loopme.se\\\/sv\\\/\"},{\"@type\":\"ListItem\",\"position\":2,\"name\":\"Priser\"}]},{\"@type\":\"WebSite\",\"@id\":\"https:\\\/\\\/www.loopme.io\\\/#website\",\"url\":\"https:\\\/\\\/www.loopme.io\\\/\",\"name\":\"LoopMe\",\"description\":\"Shed light on individual development and ease your requirement as a leader\",\"publisher\":{\"@id\":\"https:\\\/\\\/www.loopme.io\\\/#organization\"},\"potentialAction\":[{\"@type\":\"SearchAction\",\"target\":{\"@type\":\"EntryPoint\",\"urlTemplate\":\"https:\\\/\\\/www.loopme.io\\\/?s={search_term_string}\"},\"query-input\":{\"@type\":\"PropertyValueSpecification\",\"valueRequired\":true,\"valueName\":\"search_term_string\"}}],\"inLanguage\":\"sv-SE\"},{\"@type\":\"Organization\",\"@id\":\"https:\\\/\\\/www.loopme.io\\\/#organization\",\"name\":\"LoopMe\",\"url\":\"https:\\\/\\\/www.loopme.io\\\/\",\"logo\":{\"@type\":\"ImageObject\",\"inLanguage\":\"sv-SE\",\"@id\":\"https:\\\/\\\/www.loopme.io\\\/#\\\/schema\\\/logo\\\/image\\\/\",\"url\":\"http:\\\/\\\/dev.loopme.io\\\/wp-content\\\/uploads\\\/2020\\\/04\\\/logo_teal_500.png\",\"contentUrl\":\"http:\\\/\\\/dev.loopme.io\\\/wp-content\\\/uploads\\\/2020\\\/04\\\/logo_teal_500.png\",\"width\":500,\"height\":500,\"caption\":\"LoopMe\"},\"image\":{\"@id\":\"https:\\\/\\\/www.loopme.io\\\/#\\\/schema\\\/logo\\\/image\\\/\"},\"sameAs\":[\"https:\\\/\\\/www.facebook.com\\\/meanalytics\",\"https:\\\/\\\/www.linkedin.com\\\/company\\\/loopme-me-analytics-ab\",\"https:\\\/\\\/www.youtube.com\\\/channel\\\/UCqVPcXPMa7eR7v7BxkObx3Q\"]}]}<\/script>\n<!-- \/ Yoast SEO plugin. -->","yoast_head_json":{"title":"Priser | LoopMe","robots":{"index":"index","follow":"follow","max-snippet":"max-snippet:-1","max-image-preview":"max-image-preview:large","max-video-preview":"max-video-preview:-1"},"canonical":"https:\/\/loopme.se\/sv\/priser\/","og_locale":"sv_SE","og_type":"article","og_title":"Priser | LoopMe","og_description":"[vc_row row_height_percent=&#8221;0&#8243; override_padding=&#8221;yes&#8221; h_padding=&#8221;2&#8243; top_padding=&#8221;2&#8243; bottom_padding=&#8221;2&#8243; overlay_alpha=&#8221;50&#8243; gutter_size=&#8221;3&#8243; column_width_percent=&#8221;100&#8243; shift_y=&#8221;0&#8243; z_index=&#8221;0&#8243;][vc_column column_width_percent=&#8221;100&#8243; align_horizontal=&#8221;align_center&#8221; gutter_size=&#8221;1&#8243; overlay_alpha=&#8221;50&#8243; shift_x=&#8221;0&#8243; shift_y=&#8221;0&#8243; shift_y_down=&#8221;0&#8243; z_index=&#8221;0&#8243; medium_width=&#8221;0&#8243; [&hellip;]","og_url":"https:\/\/loopme.se\/sv\/priser\/","og_site_name":"LoopMe","article_publisher":"https:\/\/www.facebook.com\/meanalytics","article_modified_time":"2024-09-02T14:21:40+00:00","twitter_card":"summary_large_image","twitter_misc":{"Ber\u00e4knad l\u00e4stid":"3 minuter"},"schema":{"@context":"https:\/\/schema.org","@graph":[{"@type":"WebPage","@id":"https:\/\/loopme.se\/sv\/priser\/","url":"https:\/\/loopme.se\/sv\/priser\/","name":"Priser | LoopMe","isPartOf":{"@id":"https:\/\/www.loopme.io\/#website"},"datePublished":"2020-04-03T12:55:39+00:00","dateModified":"2024-09-02T14:21:40+00:00","breadcrumb":{"@id":"https:\/\/loopme.se\/sv\/priser\/#breadcrumb"},"inLanguage":"sv-SE","potentialAction":[{"@type":"ReadAction","target":["https:\/\/loopme.se\/sv\/priser\/"]}]},{"@type":"BreadcrumbList","@id":"https:\/\/loopme.se\/sv\/priser\/#breadcrumb","itemListElement":[{"@type":"ListItem","position":1,"name":"Home","item":"https:\/\/loopme.se\/sv\/"},{"@type":"ListItem","position":2,"name":"Priser"}]},{"@type":"WebSite","@id":"https:\/\/www.loopme.io\/#website","url":"https:\/\/www.loopme.io\/","name":"LoopMe","description":"Shed light on individual development and ease your requirement as a leader","publisher":{"@id":"https:\/\/www.loopme.io\/#organization"},"potentialAction":[{"@type":"SearchAction","target":{"@type":"EntryPoint","urlTemplate":"https:\/\/www.loopme.io\/?s={search_term_string}"},"query-input":{"@type":"PropertyValueSpecification","valueRequired":true,"valueName":"search_term_string"}}],"inLanguage":"sv-SE"},{"@type":"Organization","@id":"https:\/\/www.loopme.io\/#organization","name":"LoopMe","url":"https:\/\/www.loopme.io\/","logo":{"@type":"ImageObject","inLanguage":"sv-SE","@id":"https:\/\/www.loopme.io\/#\/schema\/logo\/image\/","url":"http:\/\/dev.loopme.io\/wp-content\/uploads\/2020\/04\/logo_teal_500.png","contentUrl":"http:\/\/dev.loopme.io\/wp-content\/uploads\/2020\/04\/logo_teal_500.png","width":500,"height":500,"caption":"LoopMe"},"image":{"@id":"https:\/\/www.loopme.io\/#\/schema\/logo\/image\/"},"sameAs":["https:\/\/www.facebook.com\/meanalytics","https:\/\/www.linkedin.com\/company\/loopme-me-analytics-ab","https:\/\/www.youtube.com\/channel\/UCqVPcXPMa7eR7v7BxkObx3Q"]}]}},"_links":{"self":[{"href":"https:\/\/loopme.se\/sv\/wp-json\/wp\/v2\/pages\/1200","targetHints":{"allow":["GET"]}}],"collection":[{"href":"https:\/\/loopme.se\/sv\/wp-json\/wp\/v2\/pages"}],"about":[{"href":"https:\/\/loopme.se\/sv\/wp-json\/wp\/v2\/types\/page"}],"author":[{"embeddable":true,"href":"https:\/\/loopme.se\/sv\/wp-json\/wp\/v2\/users\/1"}],"replies":[{"embeddable":true,"href":"https:\/\/loopme.se\/sv\/wp-json\/wp\/v2\/comments?post=1200"}],"version-history":[{"count":160,"href":"https:\/\/loopme.se\/sv\/wp-json\/wp\/v2\/pages\/1200\/revisions"}],"predecessor-version":[{"id":4619,"href":"https:\/\/loopme.se\/sv\/wp-json\/wp\/v2\/pages\/1200\/revisions\/4619"}],"wp:attachment":[{"href":"https:\/\/loopme.se\/sv\/wp-json\/wp\/v2\/media?parent=1200"}],"curies":[{"name":"wp","href":"https:\/\/api.w.org\/{rel}","templated":true}]}}