{"id":1198,"date":"2020-04-03T12:54:30","date_gmt":"2020-04-03T12:54:30","guid":{"rendered":"https:\/\/wordpress.loopme.io\/bibliotek\/"},"modified":"2020-04-09T15:02:59","modified_gmt":"2020-04-09T15:02:59","slug":"bibliotek","status":"publish","type":"page","link":"https:\/\/loopme.se\/sv\/bibliotek\/","title":{"rendered":"Bibliotek"},"content":{"rendered":"<div class=\"wpb-content-wrapper\"><p>[vc_row unlock_row_content=&#8221;yes&#8221; row_height_percent=&#8221;0&#8243; override_padding=&#8221;yes&#8221; h_padding=&#8221;2&#8243; top_padding=&#8221;2&#8243; bottom_padding=&#8221;2&#8243; overlay_alpha=&#8221;50&#8243; equal_height=&#8221;yes&#8221; gutter_size=&#8221;0&#8243; column_width_percent=&#8221;100&#8243; shift_y=&#8221;0&#8243; z_index=&#8221;0&#8243; el_class=&#8221;inverted-device-order&#8221;][vc_column column_width_use_pixel=&#8221;yes&#8221; gutter_size=&#8221;2&#8243; override_padding=&#8221;yes&#8221; column_padding=&#8221;2&#8243; overlay_alpha=&#8221;50&#8243; shift_x=&#8221;0&#8243; shift_y=&#8221;0&#8243; shift_y_down=&#8221;0&#8243; z_index=&#8221;0&#8243; medium_width=&#8221;0&#8243; mobile_width=&#8221;0&#8243; width=&#8221;1\/2&#8243; column_width_pixel=&#8221;528&#8243;][vc_custom_heading heading_semantic=&#8221;h6&#8243; text_size=&#8221;h3&#8243; text_transform=&#8221;uppercase&#8221; text_color=&#8221;accent&#8221;]UPPT\u00c4CK BIBLIOTEKET[\/vc_custom_heading][vc_custom_heading text_size=&#8221;h1&#8243;]Din genv\u00e4g till effekter[\/vc_custom_heading][vc_column_text text_lead=&#8221;yes&#8221;]Spara tid genom att fylla din LoopMe-grupp med inneh\u00e5ll framtaget av experter och andra LoopMe-anv\u00e4ndare. \u00c4ndra uppdrag och taggar s\u00e5 du f\u00e5r dem precis som du vill. Sedan bjuder du in dina loopare.[\/vc_column_text][vc_button button_color=&#8221;accent&#8221; border_width=&#8221;0&#8243; link=&#8221;url:https%3A%2F%2Flibrary.loopme.io%2F|title:LoopMe-biblioteket|target:%20_blank|&#8221;]G\u00e5 till biblioteket[\/vc_button][vc_empty_space empty_h=&#8221;1&#8243;][vc_row_inner limit_content=&#8221;&#8221;][vc_column_inner column_width_percent=&#8221;100&#8243; gutter_size=&#8221;2&#8243; overlay_alpha=&#8221;50&#8243; shift_x=&#8221;0&#8243; shift_y=&#8221;0&#8243; shift_y_down=&#8221;0&#8243; z_index=&#8221;0&#8243; medium_width=&#8221;0&#8243; mobile_width=&#8221;0&#8243; width=&#8221;1\/2&#8243;][vc_custom_heading text_size=&#8221;h1&#8243;]G\u00f6r egna paket[\/vc_custom_heading][vc_column_text text_lead=&#8221;yes&#8221;]Det \u00e4r enkelt att komma ig\u00e5ng med att g\u00f6ra egna paket. Vi har sammanfattat hur man g\u00f6r i en supportartikel.[\/vc_column_text][\/vc_column_inner][vc_column_inner column_width_percent=&#8221;100&#8243; gutter_size=&#8221;2&#8243; overlay_alpha=&#8221;50&#8243; shift_x=&#8221;0&#8243; shift_y=&#8221;0&#8243; shift_y_down=&#8221;0&#8243; z_index=&#8221;0&#8243; medium_width=&#8221;0&#8243; mobile_width=&#8221;0&#8243; width=&#8221;1\/2&#8243;][vc_custom_heading text_size=&#8221;h1&#8243;]Ge feedback p\u00e5 paket[\/vc_custom_heading][vc_column_text text_lead=&#8221;yes&#8221;]Skriv g\u00e4rna en kommentar i biblioteket till skaparen av ett inneh\u00e5llspaket du gillar. Ber\u00e4tta hur inneh\u00e5llet fungerade f\u00f6r dig och dina loopare.[\/vc_column_text][\/vc_column_inner][\/vc_row_inner][\/vc_column][vc_column column_width_percent=&#8221;100&#8243; gutter_size=&#8221;0&#8243; overlay_alpha=&#8221;50&#8243; shift_x=&#8221;0&#8243; shift_y=&#8221;0&#8243; shift_y_down=&#8221;0&#8243; z_index=&#8221;0&#8243; medium_width=&#8221;0&#8243; mobile_width=&#8221;0&#8243; width=&#8221;1\/2&#8243;][vc_single_image media=&#8221;1866&#8243; media_width_percent=&#8221;100&#8243; shape=&#8221;img-round&#8221; radius=&#8221;std&#8221; border=&#8221;yes&#8221; shadow=&#8221;yes&#8221; shadow_weight=&#8221;std&#8221;][\/vc_column][\/vc_row]<\/p>\n<\/div>","protected":false},"excerpt":{"rendered":"<p>[vc_row unlock_row_content=&#8221;yes&#8221; row_height_percent=&#8221;0&#8243; override_padding=&#8221;yes&#8221; h_padding=&#8221;2&#8243; top_padding=&#8221;2&#8243; bottom_padding=&#8221;2&#8243; overlay_alpha=&#8221;50&#8243; equal_height=&#8221;yes&#8221; gutter_size=&#8221;0&#8243; column_width_percent=&#8221;100&#8243; shift_y=&#8221;0&#8243; z_index=&#8221;0&#8243; el_class=&#8221;inverted-device-order&#8221;][vc_column column_width_use_pixel=&#8221;yes&#8221; gutter_size=&#8221;2&#8243; override_padding=&#8221;yes&#8221; column_padding=&#8221;2&#8243; overlay_alpha=&#8221;50&#8243; shift_x=&#8221;0&#8243; [&hellip;]<\/p>\n","protected":false},"author":1,"featured_media":0,"parent":0,"menu_order":0,"comment_status":"closed","ping_status":"closed","template":"","meta":{"_monsterinsights_skip_tracking":false,"_monsterinsights_sitenote_active":false,"_monsterinsights_sitenote_note":"","_monsterinsights_sitenote_category":0,"footnotes":""},"class_list":["post-1198","page","type-page","status-publish","hentry"],"yoast_head":"<!-- This site is optimized with the Yoast SEO plugin v27.3 - https:\/\/yoast.com\/product\/yoast-seo-wordpress\/ -->\n<title>Bibliotek | LoopMe<\/title>\n<meta name=\"robots\" content=\"index, follow, max-snippet:-1, max-image-preview:large, max-video-preview:-1\" \/>\n<link rel=\"canonical\" href=\"https:\/\/loopme.se\/sv\/bibliotek\/\" \/>\n<meta property=\"og:locale\" content=\"sv_SE\" \/>\n<meta property=\"og:type\" content=\"article\" \/>\n<meta property=\"og:title\" content=\"Bibliotek | LoopMe\" \/>\n<meta property=\"og:description\" content=\"[vc_row unlock_row_content=&#8221;yes&#8221; row_height_percent=&#8221;0&#8243; override_padding=&#8221;yes&#8221; h_padding=&#8221;2&#8243; top_padding=&#8221;2&#8243; bottom_padding=&#8221;2&#8243; overlay_alpha=&#8221;50&#8243; equal_height=&#8221;yes&#8221; gutter_size=&#8221;0&#8243; column_width_percent=&#8221;100&#8243; shift_y=&#8221;0&#8243; z_index=&#8221;0&#8243; el_class=&#8221;inverted-device-order&#8221;][vc_column column_width_use_pixel=&#8221;yes&#8221; gutter_size=&#8221;2&#8243; override_padding=&#8221;yes&#8221; column_padding=&#8221;2&#8243; overlay_alpha=&#8221;50&#8243; shift_x=&#8221;0&#8243; [&hellip;]\" \/>\n<meta property=\"og:url\" content=\"https:\/\/loopme.se\/sv\/bibliotek\/\" \/>\n<meta property=\"og:site_name\" content=\"LoopMe\" \/>\n<meta property=\"article:publisher\" content=\"https:\/\/www.facebook.com\/meanalytics\" \/>\n<meta property=\"article:modified_time\" content=\"2020-04-09T15:02:59+00:00\" \/>\n<meta name=\"twitter:card\" content=\"summary_large_image\" \/>\n<meta name=\"twitter:label1\" content=\"Ber\u00e4knad l\u00e4stid\" \/>\n\t<meta name=\"twitter:data1\" content=\"2 minuter\" \/>\n<script type=\"application\/ld+json\" class=\"yoast-schema-graph\">{\"@context\":\"https:\\\/\\\/schema.org\",\"@graph\":[{\"@type\":\"WebPage\",\"@id\":\"https:\\\/\\\/loopme.se\\\/sv\\\/bibliotek\\\/\",\"url\":\"https:\\\/\\\/loopme.se\\\/sv\\\/bibliotek\\\/\",\"name\":\"Bibliotek | LoopMe\",\"isPartOf\":{\"@id\":\"https:\\\/\\\/www.loopme.io\\\/#website\"},\"datePublished\":\"2020-04-03T12:54:30+00:00\",\"dateModified\":\"2020-04-09T15:02:59+00:00\",\"breadcrumb\":{\"@id\":\"https:\\\/\\\/loopme.se\\\/sv\\\/bibliotek\\\/#breadcrumb\"},\"inLanguage\":\"sv-SE\",\"potentialAction\":[{\"@type\":\"ReadAction\",\"target\":[\"https:\\\/\\\/loopme.se\\\/sv\\\/bibliotek\\\/\"]}]},{\"@type\":\"BreadcrumbList\",\"@id\":\"https:\\\/\\\/loopme.se\\\/sv\\\/bibliotek\\\/#breadcrumb\",\"itemListElement\":[{\"@type\":\"ListItem\",\"position\":1,\"name\":\"Home\",\"item\":\"https:\\\/\\\/loopme.se\\\/sv\\\/\"},{\"@type\":\"ListItem\",\"position\":2,\"name\":\"Bibliotek\"}]},{\"@type\":\"WebSite\",\"@id\":\"https:\\\/\\\/www.loopme.io\\\/#website\",\"url\":\"https:\\\/\\\/www.loopme.io\\\/\",\"name\":\"LoopMe\",\"description\":\"Shed light on individual development and ease your requirement as a leader\",\"publisher\":{\"@id\":\"https:\\\/\\\/www.loopme.io\\\/#organization\"},\"potentialAction\":[{\"@type\":\"SearchAction\",\"target\":{\"@type\":\"EntryPoint\",\"urlTemplate\":\"https:\\\/\\\/www.loopme.io\\\/?s={search_term_string}\"},\"query-input\":{\"@type\":\"PropertyValueSpecification\",\"valueRequired\":true,\"valueName\":\"search_term_string\"}}],\"inLanguage\":\"sv-SE\"},{\"@type\":\"Organization\",\"@id\":\"https:\\\/\\\/www.loopme.io\\\/#organization\",\"name\":\"LoopMe\",\"url\":\"https:\\\/\\\/www.loopme.io\\\/\",\"logo\":{\"@type\":\"ImageObject\",\"inLanguage\":\"sv-SE\",\"@id\":\"https:\\\/\\\/www.loopme.io\\\/#\\\/schema\\\/logo\\\/image\\\/\",\"url\":\"http:\\\/\\\/dev.loopme.io\\\/wp-content\\\/uploads\\\/2020\\\/04\\\/logo_teal_500.png\",\"contentUrl\":\"http:\\\/\\\/dev.loopme.io\\\/wp-content\\\/uploads\\\/2020\\\/04\\\/logo_teal_500.png\",\"width\":500,\"height\":500,\"caption\":\"LoopMe\"},\"image\":{\"@id\":\"https:\\\/\\\/www.loopme.io\\\/#\\\/schema\\\/logo\\\/image\\\/\"},\"sameAs\":[\"https:\\\/\\\/www.facebook.com\\\/meanalytics\",\"https:\\\/\\\/www.linkedin.com\\\/company\\\/loopme-me-analytics-ab\",\"https:\\\/\\\/www.youtube.com\\\/channel\\\/UCqVPcXPMa7eR7v7BxkObx3Q\"]}]}<\/script>\n<!-- \/ Yoast SEO plugin. -->","yoast_head_json":{"title":"Bibliotek | LoopMe","robots":{"index":"index","follow":"follow","max-snippet":"max-snippet:-1","max-image-preview":"max-image-preview:large","max-video-preview":"max-video-preview:-1"},"canonical":"https:\/\/loopme.se\/sv\/bibliotek\/","og_locale":"sv_SE","og_type":"article","og_title":"Bibliotek | LoopMe","og_description":"[vc_row unlock_row_content=&#8221;yes&#8221; row_height_percent=&#8221;0&#8243; override_padding=&#8221;yes&#8221; h_padding=&#8221;2&#8243; top_padding=&#8221;2&#8243; bottom_padding=&#8221;2&#8243; overlay_alpha=&#8221;50&#8243; equal_height=&#8221;yes&#8221; gutter_size=&#8221;0&#8243; column_width_percent=&#8221;100&#8243; shift_y=&#8221;0&#8243; z_index=&#8221;0&#8243; el_class=&#8221;inverted-device-order&#8221;][vc_column column_width_use_pixel=&#8221;yes&#8221; gutter_size=&#8221;2&#8243; override_padding=&#8221;yes&#8221; column_padding=&#8221;2&#8243; overlay_alpha=&#8221;50&#8243; shift_x=&#8221;0&#8243; [&hellip;]","og_url":"https:\/\/loopme.se\/sv\/bibliotek\/","og_site_name":"LoopMe","article_publisher":"https:\/\/www.facebook.com\/meanalytics","article_modified_time":"2020-04-09T15:02:59+00:00","twitter_card":"summary_large_image","twitter_misc":{"Ber\u00e4knad l\u00e4stid":"2 minuter"},"schema":{"@context":"https:\/\/schema.org","@graph":[{"@type":"WebPage","@id":"https:\/\/loopme.se\/sv\/bibliotek\/","url":"https:\/\/loopme.se\/sv\/bibliotek\/","name":"Bibliotek | LoopMe","isPartOf":{"@id":"https:\/\/www.loopme.io\/#website"},"datePublished":"2020-04-03T12:54:30+00:00","dateModified":"2020-04-09T15:02:59+00:00","breadcrumb":{"@id":"https:\/\/loopme.se\/sv\/bibliotek\/#breadcrumb"},"inLanguage":"sv-SE","potentialAction":[{"@type":"ReadAction","target":["https:\/\/loopme.se\/sv\/bibliotek\/"]}]},{"@type":"BreadcrumbList","@id":"https:\/\/loopme.se\/sv\/bibliotek\/#breadcrumb","itemListElement":[{"@type":"ListItem","position":1,"name":"Home","item":"https:\/\/loopme.se\/sv\/"},{"@type":"ListItem","position":2,"name":"Bibliotek"}]},{"@type":"WebSite","@id":"https:\/\/www.loopme.io\/#website","url":"https:\/\/www.loopme.io\/","name":"LoopMe","description":"Shed light on individual development and ease your requirement as a leader","publisher":{"@id":"https:\/\/www.loopme.io\/#organization"},"potentialAction":[{"@type":"SearchAction","target":{"@type":"EntryPoint","urlTemplate":"https:\/\/www.loopme.io\/?s={search_term_string}"},"query-input":{"@type":"PropertyValueSpecification","valueRequired":true,"valueName":"search_term_string"}}],"inLanguage":"sv-SE"},{"@type":"Organization","@id":"https:\/\/www.loopme.io\/#organization","name":"LoopMe","url":"https:\/\/www.loopme.io\/","logo":{"@type":"ImageObject","inLanguage":"sv-SE","@id":"https:\/\/www.loopme.io\/#\/schema\/logo\/image\/","url":"http:\/\/dev.loopme.io\/wp-content\/uploads\/2020\/04\/logo_teal_500.png","contentUrl":"http:\/\/dev.loopme.io\/wp-content\/uploads\/2020\/04\/logo_teal_500.png","width":500,"height":500,"caption":"LoopMe"},"image":{"@id":"https:\/\/www.loopme.io\/#\/schema\/logo\/image\/"},"sameAs":["https:\/\/www.facebook.com\/meanalytics","https:\/\/www.linkedin.com\/company\/loopme-me-analytics-ab","https:\/\/www.youtube.com\/channel\/UCqVPcXPMa7eR7v7BxkObx3Q"]}]}},"_links":{"self":[{"href":"https:\/\/loopme.se\/sv\/wp-json\/wp\/v2\/pages\/1198","targetHints":{"allow":["GET"]}}],"collection":[{"href":"https:\/\/loopme.se\/sv\/wp-json\/wp\/v2\/pages"}],"about":[{"href":"https:\/\/loopme.se\/sv\/wp-json\/wp\/v2\/types\/page"}],"author":[{"embeddable":true,"href":"https:\/\/loopme.se\/sv\/wp-json\/wp\/v2\/users\/1"}],"replies":[{"embeddable":true,"href":"https:\/\/loopme.se\/sv\/wp-json\/wp\/v2\/comments?post=1198"}],"version-history":[{"count":4,"href":"https:\/\/loopme.se\/sv\/wp-json\/wp\/v2\/pages\/1198\/revisions"}],"predecessor-version":[{"id":1868,"href":"https:\/\/loopme.se\/sv\/wp-json\/wp\/v2\/pages\/1198\/revisions\/1868"}],"wp:attachment":[{"href":"https:\/\/loopme.se\/sv\/wp-json\/wp\/v2\/media?parent=1198"}],"curies":[{"name":"wp","href":"https:\/\/api.w.org\/{rel}","templated":true}]}}